{"id":1392,"date":"2022-09-15T12:55:41","date_gmt":"2022-09-15T10:55:41","guid":{"rendered":"https:\/\/eneragrifrance.com\/politica-de-cookies\/"},"modified":"2025-10-02T10:37:22","modified_gmt":"2025-10-02T08:37:22","slug":"politica-de-cookies","status":"publish","type":"page","link":"https:\/\/eneragrifrance.com\/es\/politica-de-cookies\/","title":{"rendered":"Pol\u00edtica de Cookies"},"content":{"rendered":"<div class=\"wpb-content-wrapper\">[vc_row css=\u00bb.vc_custom_1663239307878{margin-bottom: 140px !important;}\u00bb][vc_column][\/vc_column][\/vc_row][vc_row css=\u00bb.vc_custom_1663239355991{margin-bottom: 50px !important;}\u00bb][vc_column][vc_column_text]\n<h1 class=\"uk-margin-large-top uk-margin-remove-bottom uk-article-title\">POL\u00cdTICA DE COOKIES<\/h1>\n<div class=\"uk-margin-medium-top\">\n<p><strong>DECISI\u00d3N DE LA AUTORIDAD DE CONTROL DE LA PROTECCI\u00d3N DE DATOS PERSONALES: FICHA DE S\u00cdNTESIS DE LA DECISI\u00d3N N.\u00ba 231 DEL 10 DE JUNIO DE 2021 \u00abCOOKIE: NUEVAS DIRECTRICES EN DEFENSA DE LOS USUARIOS\u00bb<\/strong><\/p>\n<p>En su decisi\u00f3n del pasado junio, la Autoridad de control para la protecci\u00f3n de los datos personales quiso reunir y actualizar todas las indicaciones normativas en materia de cookies y\/o de otros sistemas de rastreo de la persona que utiliza herramientas tecnol\u00f3gicas para la navegaci\u00f3n.<\/p>\n<p>El punto crucial es el respeto de los principios de responsabilidad, confidencialidad desde el dise\u00f1o y confidencialidad por defecto, los cuales de hecho apuntan a un uso cada vez m\u00e1s consciente y a un fortalecimiento del poder de decisi\u00f3n del usuario durante su navegaci\u00f3n en l\u00ednea.<\/p>\n<p>Seg\u00fan la Decisi\u00f3n de la Autoridad de control, cada responsable del tratamiento del sitio dispone de 6 meses para adaptarse a las directrices.<\/p>\n<p>El esquema que sigue recoge las principales preguntas y respuestas que permiten una correcta gesti\u00f3n de la declaraci\u00f3n relativa a las cookies de cada sitio web.<\/p>\n<p>&nbsp;<\/p>\n<h3>1. DEFINICI\u00d3N DEL T\u00c9RMINO \u00abCOOKIE\u00bb<\/h3>\n<p>Se trata de cadenas de texto que los sitios web visitados por los usuarios (los Editores o \u00abprimeras partes\u00bb) o sitios o servidores web diferentes (las \u00abterceras partes\u00bb) colocan y registran en el dispositivo final del usuario, para que luego sean retransmitidos a los sitios en la visita siguiente.<\/p>\n<h3>2. \u00bfPARA QU\u00c9 SIRVEN LAS COOKIES?<\/h3>\n<p>Tienen diferentes finalidades tales como:<br \/>\na) la ejecuc\u00edon de autenticaciones informat\u00edcas;<br \/>\nb) le suivi des sessions;<br \/>\nc) l\u2019enregistrement d&#8217;informations sur des configurations sp\u00e9cifiques relatives aux utilisateurs qui entrent dans le serveur;<br \/>\nd) l\u2019enregistrement des pr\u00e9f\u00e9rences, destin\u00e9es \u00e9galement \u00e0 faciliter l\u2019exploitation des contenus en ligne (ex. pour garder une trace des articles dans un panier d&#8217;achats ou des informations pour la compilation d\u2019un formulaire informatique, etc.);<br \/>\ne) le profilage de l\u2019utilisateur (c\u2019est-\u00e0-dire \u00ab l\u2019observation \u00bb de ses comportements en vue de l\u2019envoi de publicit\u00e9s cibl\u00e9es, l\u2019\u00e9valuation de l\u2019efficacit\u00e9 du message publicitaire et l\u2019adoption ult\u00e9rieure de strat\u00e9gies commerciales) en l&#8217;occurrence les cookies de profilage.<br \/>\nEl mismo resultado puede obtenerse mediante otros instrumentos o t\u00e9cnicas de rastreo, como la toma de <strong>huellas digitales<\/strong>.<\/p>\n<h3>3 \u00bfEN QU\u00c9 CONSISTEN LAS COOKIES T\u00c9CNICAS?<\/h3>\n<p>Estas cookies sirven para navegar o para proporcionar un servicio solicitado por el usuario. <strong>No se utilizan para otras finalidades y normalmente son instaladas directamente por el responsable del tratamiento del sitio web<\/strong>.<br \/>\nSin estas cookies, ciertas operaciones ser\u00edan imposibles o m\u00e1s complicadas y\/o menos seguras, como las actividades de home banking (visualizaci\u00f3n del extracto de cuenta, transferencias, pago de facturas, etc.), para las cuales las cookies que permiten identificar al usuario y mantener dicha identificaci\u00f3n durante la sesi\u00f3n son indispensables.<\/p>\n<h3>4 \u00bfLAS COOKIES ANAL\u00cdTICAS SON COOKIES T\u00c9CNICAS?<\/h3>\n<p><strong>No<\/strong>.<br \/>\nLa Autoridad de control ha precisado que pueden asimilarse a las cookies t\u00e9cnicas a condici\u00f3n de que sean utilizadas directamente para optimizar el sitio por el responsable del tratamiento del sitio. <strong>Este \u00faltimo podr\u00e1 recoger informaciones de car\u00e1cter estad\u00edstico en forma agregada<\/strong> sobre el n\u00famero de usuarios y su modo de visita al sitio.<\/p>\n<p>Si, en cambio, la elaboraci\u00f3n de estos an\u00e1lisis estad\u00edsticos se conf\u00eda a terceros, los datos de los usuarios deber\u00e1n ser previamente minimizados y no podr\u00e1n combinarse con otras elaboraciones ni transmitirse a otros terceros. En estas condiciones, las reglas previstas para las cookies t\u00e9cnicas, relativas a la informaci\u00f3n a proporcionar y al consentimiento, se aplican igualmente a las cookies anal\u00edticas.<br \/>\nA t\u00edtulo de excepci\u00f3n, se permite tanto a la primera parte que lo realice personalmente como a la tercera parte que act\u00fae por mandato de la primera, producir estad\u00edsticas con datos de varios dominios, sitios web o aplicaciones atribuibles al mismo responsable del tratamiento o grupo de empresas.<\/p>\n<h3>5 \u00bfES SIEMPRE INDISPENSABLE EL CONSENTIMIENTO PARA LA INSTALACI\u00d3N DE COOKIES EN SU PROPIO DISPOSITIVO?<\/h3>\n<p>Todo depende de las finalidades de uso de las cookies, es decir, si se trata de cookies \u00abt\u00e9cnicas\u00bb o de \u00abperfilado\u00bb.<br \/>\nLa instalaci\u00f3n de cookies t\u00e9cnicas y anal\u00edticas no impone la obtenci\u00f3n del consentimiento de los usuarios, <strong>pero siempre es necesario proporcionar la informaci\u00f3n (art. 13 del Reglamento UE 2016\/679)<\/strong>.<br \/>\n<strong>El uso de cookies de perfilado u otros instrumentos de rastreo est\u00e1 subordinado, en cambio, al consentimiento del usuario<\/strong>, despu\u00e9s de que haya sido informado mediante modalidades simplificadas.<\/p>\n<h3>6 MODALIDADES DE ENTREGA DE LA INFORMACI\u00d3N SIMPLIFICADA SOBRE LAS COOKIES Y EL CONSENTIMIENTO A LAS COOKIES DE PERFILADO<\/h3>\n<p>Como lo estipula la Autoridad de control, la informaci\u00f3n deber\u00eda configurarse en varios niveles y proporcionarse a trav\u00e9s de varios canales, adoptando las medidas m\u00e1s adecuadas para hacerla accesible sin discriminaciones a las personas con discapacidad.<br \/>\nEn respeto del principio de responsabilidad, la Autoridad de control sugiere no obstante adoptar un mecanismo que desencadene la visualizaci\u00f3n instant\u00e1nea de un banner que contenga las primeras informaciones \u00absucintas\u00bb, la solicitud de consentimiento para el uso de cookies y un enlace para acceder a informaciones m\u00e1s \u00abdetalladas\u00bb, en el momento de la entrada del usuario en un sitio web (en la p\u00e1gina de inicio o en cualquier otra p\u00e1gina).<br \/>\nEn esta p\u00e1gina, el usuario encontrar\u00e1 informaciones m\u00e1s detalladas relativas a las cookies y elegir\u00e1 qu\u00e9 cookies autorizar.<\/p>\n<h3>7 \u00bfC\u00d3MO DEBE REALIZARSE EL BANNER?<\/h3>\n<p>El responsable debe garantizar que <strong>el tratamiento concierna, para una configuraci\u00f3n predefinida, \u00fanicamente a los datos necesarios para determinadas finalidades<\/strong>, limitando de este modo el tratamiento al m\u00ednimo indispensable para la navegaci\u00f3n de los usuarios en el sitio. <strong>En el momento del primer acceso del usuario, por lo tanto, no podr\u00e1 utilizarse ninguna cookie u otra herramienta de rastreo<\/strong>.<br \/>\nPosteriormente, podr\u00e1 mostrarse un banner con dimensiones adecuadas a los distintos tipos de dispositivos utilizados. Sin obstaculizar el mantenimiento de las configuraciones predefinidas, este banner permitir\u00e1 a quien lo desee dar su consentimiento.<br \/>\nEl usuario que no quiera otorgarlo podr\u00e1 simplemente cerrar el banner seleccionando la orden normalmente utilizada para ello (en general, un bot\u00f3n con una X situado en la parte superior derecha del banner).<\/p>\n<h3>8 \u00bfQU\u00c9 INDICACIONES Y COMANDOS DEBE CONTENER EL BANNER?<\/h3>\n<p>El banner debe:<br \/>\n&#8211; especificar, en su caso, que el sitio utiliza cookies de perfilado, o incluso de \u00abterceras partes\u00bb, que permiten enviar mensajes publicitarios conformes a las preferencias del usuario;<br \/>\n&#8211; contener el enlace a la informaci\u00f3n detallada que deba proporcionarse y un \u00e1rea en la cual sea posible seleccionar de manera anal\u00edtica las funcionalidades, las cookies y las terceras partes a las que se pretenda dar consentimiento;<br \/>\n&#8211; contener un comando para consentir aceptando todas las cookies u otras herramientas de rastreo;<br \/>\n&#8211; precisar que, si el usuario elige cerrar el banner utilizando el bot\u00f3n con la X en la parte superior derecha, <strong>se mantendr\u00e1n las configuraciones predefinidas que no permiten el uso de cookies<\/strong> u otras herramientas de rastreo distintas de las cookies t\u00e9cnicas.<\/p>\n<h3>9 \u00bfC\u00d3MO PUEDE DOCUMENTARSE LA OBTENCI\u00d3N DEL CONSENTIMIENTO MEDIANTE EL USO DE LOS BANNERS?<\/h3>\n<p>Para conservar una traza del consentimiento, <strong>el responsable del tratamiento del sitio puede servirse de una cookie t\u00e9cnica especial<\/strong>, sistema no particularmente invasivo y que no exige un consentimiento posterior, as\u00ed como de otras modalidades que permitan mantener actualizada la documentaci\u00f3n de las elecciones de la persona interesada.<br \/>\nEl usuario es libre de modificar f\u00e1cilmente, en cualquier momento, sus opciones. A este respecto, conviene adoptar una precauci\u00f3n t\u00e9cnica (por ejemplo, un icono o un signo gr\u00e1fico) que indique en todo momento el estado de los consentimientos anteriores del usuario.<\/p>\n<h3>10 \u00bfPUEDE VOLVER A MOSTRARSE EL BANNER EN CADA NUEVA CONEXI\u00d3N AL SITIO?<\/h3>\n<p>No.<br \/>\nSi el usuario no ha dado su consentimiento o ha consentido \u00fanicamente la utilizaci\u00f3n de determinadas cookies, el banner no deber\u00e1 volver a aparecer salvo en casos muy espec\u00edficos:<br \/>\na) cuando cambie una o varias condiciones del tratamiento, por ejemplo, las \u00abterceras partes\u00bb;<br \/>\nb) cuando sea imposible para el proveedor de servicios saber si ya se ha colocado una cookie<br \/>\nt\u00e9cnica en el dispositivo del usuario (por ejemplo, en el caso de que el propio usuario elimine las cookies);<br \/>\nc) cuando hayan transcurrido al menos seis meses desde la visualizaci\u00f3n anterior del banner.<\/p>\n<h3>11 \u00bfPUEDE SOLICITARSE EL CONSENTIMIENTO EN L\u00cdNEA PARA EL USO DE COOKIES \u00daNICAMENTE A TRAV\u00c9S DEL BANNER?<\/h3>\n<p><strong>No<\/strong>.<br \/>\nLos responsables del tratamiento de los sitios siempre tienen la posibilidad de recurrir a otros medios distintos al identificado por la Autoridad de control en la decisi\u00f3n mencionada, siempre que los medios elegidos cumplan todas las condiciones de validez del consentimiento exigidas por la ley.<\/p>\n<h3>12 \u00bfES NECESARIO EL BANNER DE COOKIES SI SOLO SE UTILIZAN COOKIES T\u00c9CNICAS?<\/h3>\n<p><strong>No<\/strong>.<br \/>\nEn este caso, el responsable del tratamiento del sitio puede proporcionar la informaci\u00f3n a los usuarios por los medios que considere m\u00e1s apropiados, por ejemplo, mediante la inserci\u00f3n de indicaciones en la declaraci\u00f3n de privacidad publicada en el sitio.<\/p>\n<h3>13 CONSENTIMIENTO MEDIANTE DESPLAZAMIENTO (SCROLLING)<\/h3>\n<p><strong>No<\/strong>, el desplazamiento del cursor en la p\u00e1gina no es adecuado para consentir. El desplazamiento podr\u00eda, en su caso, constituir uno de los componentes de un proceso m\u00e1s elaborado que permitiera generar un evento inform\u00e1tico apto para expresar una elecci\u00f3n <strong>registrable, susceptible de ser documentada y sin ambigu\u0308edad<\/strong>.<\/p>\n<h3>14 \u00bfSE PUEDE DENEGAR EL ACCESO A UN SITIO SI EL USUARIO NO CONSENTIMIENTA EL USO DE COOKIES Y\/O DE OTROS SISTEMAS DE RASTREO?<\/h3>\n<p><strong>No<\/strong>, salvo en la hip\u00f3tesis, a verificar caso por caso, en que el responsable del tratamiento del sitio, actuando en el respeto del principio de lealtad, d\u00e9 a la persona interesada la posibilidad de acceder a un <strong>contenido o a un servicio equivalente<\/strong> sin otorgar su consentimiento.<\/p>\n<h3>15 \u00bfQU\u00c9 DEBE MENCIONAR LA INFORMACI\u00d3N DETALLADA?<\/h3>\n<p>&#8211; Todos los elementos previstos por la ley, la descripci\u00f3n anal\u00edtica de las caracter\u00edsticas y de las finalidades de las cookies instaladas por el sitio.<br \/>\n&#8211; Deben citar a los dem\u00e1s posibles destinatarios de los datos personales, los tiempos de conservaci\u00f3n de la informaci\u00f3n y las indicaciones sobre la posibilidad y modalidades de ejercicio de los derechos de los usuarios en materia de protecci\u00f3n de datos personales.<br \/>\n&#8211; Deben contener los criterios de codificaci\u00f3n de las cookies u otras herramientas de rastreo utilizadas, en particular para distinguir entre cookies t\u00e9cnicas, anal\u00edticas y de perfilado.<\/p>\n<h3>16 \u00bfQUI\u00c9N DEBE PROPORCIONAR LA INFORMACI\u00d3N Y SOLICITAR EL CONSENTIMIENTO PARA EL USO DE COOKIES?<\/h3>\n<p>El <strong>responsable del tratamiento<\/strong> del sitio web que instala cookies de perfilado.<br \/>\nPara las cookies de terceros instaladas por el sitio, las obligaciones de informaci\u00f3n y de consentimiento corresponden a las <strong>terceras partes<\/strong>. Sin embargo, el <strong>responsable del tratamiento<\/strong> del sitio, en calidad de intermediario t\u00e9cnico entre dichos terceros y los usuarios, debe insertar en la informaci\u00f3n \u00abdetallada\u00bb los enlaces actualizados a las informaciones y formularios de consentimiento de las terceras partes.<\/p>\n<\/div>\n[\/vc_column_text][\/vc_column][\/vc_row][vc_row][vc_column][vc_column_text]<strong>LISTADO DE COOKIES<\/strong><\/p>\n[\/vc_column_text][\/vc_column][\/vc_row]\n<\/div>","protected":false},"excerpt":{"rendered":"<p>[vc_row css=\u00bb.vc_custom_1663239307878{margin-bottom: 140px !important;}\u00bb][vc_column][\/vc_column][\/vc_row][vc_row css=\u00bb.vc_custom_1663239355991{margin-bottom: 50px !important;}\u00bb][vc_column][vc_column_text] POL\u00cdTICA DE COOKIES DECISI\u00d3N DE LA AUTORIDAD DE CONTROL DE LA PROTECCI\u00d3N DE DATOS PERSONALES: FICHA DE S\u00cdNTESIS DE LA DECISI\u00d3N N.\u00ba 231 DEL 10 DE JUNIO DE 2021 \u00abCOOKIE: NUEVAS DIRECTRICES EN DEFENSA DE LOS USUARIOS\u00bb En su decisi\u00f3n del pasado junio, la Autoridad de control para&hellip;<\/p>\n","protected":false},"author":3,"featured_media":0,"parent":0,"menu_order":0,"comment_status":"closed","ping_status":"closed","template":"","meta":{"inline_featured_image":false,"footnotes":""},"class_list":["post-1392","page","type-page","status-publish","hentry","entry","no-media"],"yoast_head":"<!-- This site is optimized with the Yoast SEO plugin v27.2 - https:\/\/yoast.com\/product\/yoast-seo-wordpress\/ -->\n<title>Pol\u00edtica de Cookies - Ener Agri France<\/title>\n<meta name=\"robots\" content=\"index, follow, max-snippet:-1, max-image-preview:large, max-video-preview:-1\" \/>\n<link rel=\"canonical\" href=\"https:\/\/eneragrifrance.com\/es\/politica-de-cookies\/\" \/>\n<meta property=\"og:locale\" content=\"es_ES\" \/>\n<meta property=\"og:type\" content=\"article\" \/>\n<meta property=\"og:title\" content=\"Pol\u00edtica de Cookies - Ener Agri France\" \/>\n<meta property=\"og:description\" content=\"[vc_row css=\u00bb.vc_custom_1663239307878{margin-bottom: 140px !important;}\u00bb][vc_column][\/vc_column][\/vc_row][vc_row css=\u00bb.vc_custom_1663239355991{margin-bottom: 50px !important;}\u00bb][vc_column][vc_column_text] POL\u00cdTICA DE COOKIES DECISI\u00d3N DE LA AUTORIDAD DE CONTROL DE LA PROTECCI\u00d3N DE DATOS PERSONALES: FICHA DE S\u00cdNTESIS DE LA DECISI\u00d3N N.\u00ba 231 DEL 10 DE JUNIO DE 2021 \u00abCOOKIE: NUEVAS DIRECTRICES EN DEFENSA DE LOS USUARIOS\u00bb En su decisi\u00f3n del pasado junio, la Autoridad de control para&hellip;\" \/>\n<meta property=\"og:url\" content=\"https:\/\/eneragrifrance.com\/es\/politica-de-cookies\/\" \/>\n<meta property=\"og:site_name\" content=\"Ener Agri France\" \/>\n<meta property=\"article:modified_time\" content=\"2025-10-02T08:37:22+00:00\" \/>\n<meta name=\"twitter:card\" content=\"summary_large_image\" \/>\n<meta name=\"twitter:label1\" content=\"Tiempo de lectura\" \/>\n\t<meta name=\"twitter:data1\" content=\"10 minutos\" \/>\n<script type=\"application\/ld+json\" class=\"yoast-schema-graph\">{\"@context\":\"https:\/\/schema.org\",\"@graph\":[{\"@type\":\"WebPage\",\"@id\":\"https:\/\/eneragrifrance.com\/es\/politica-de-cookies\/\",\"url\":\"https:\/\/eneragrifrance.com\/es\/politica-de-cookies\/\",\"name\":\"Pol\u00edtica de Cookies - Ener Agri France\",\"isPartOf\":{\"@id\":\"https:\/\/eneragrifrance.com\/es\/#website\"},\"datePublished\":\"2022-09-15T10:55:41+00:00\",\"dateModified\":\"2025-10-02T08:37:22+00:00\",\"breadcrumb\":{\"@id\":\"https:\/\/eneragrifrance.com\/es\/politica-de-cookies\/#breadcrumb\"},\"inLanguage\":\"es\",\"potentialAction\":[{\"@type\":\"ReadAction\",\"target\":[\"https:\/\/eneragrifrance.com\/es\/politica-de-cookies\/\"]}]},{\"@type\":\"BreadcrumbList\",\"@id\":\"https:\/\/eneragrifrance.com\/es\/politica-de-cookies\/#breadcrumb\",\"itemListElement\":[{\"@type\":\"ListItem\",\"position\":1,\"name\":\"Home\",\"item\":\"https:\/\/eneragrifrance.com\/es\/\"},{\"@type\":\"ListItem\",\"position\":2,\"name\":\"Pol\u00edtica de Cookies\"}]},{\"@type\":\"WebSite\",\"@id\":\"https:\/\/eneragrifrance.com\/es\/#website\",\"url\":\"https:\/\/eneragrifrance.com\/es\/\",\"name\":\"Ener Agri France\",\"description\":\"\",\"publisher\":{\"@id\":\"https:\/\/eneragrifrance.com\/es\/#organization\"},\"potentialAction\":[{\"@type\":\"SearchAction\",\"target\":{\"@type\":\"EntryPoint\",\"urlTemplate\":\"https:\/\/eneragrifrance.com\/es\/?s={search_term_string}\"},\"query-input\":{\"@type\":\"PropertyValueSpecification\",\"valueRequired\":true,\"valueName\":\"search_term_string\"}}],\"inLanguage\":\"es\"},{\"@type\":\"Organization\",\"@id\":\"https:\/\/eneragrifrance.com\/es\/#organization\",\"name\":\"Ener Agri France\",\"url\":\"https:\/\/eneragrifrance.com\/es\/\",\"logo\":{\"@type\":\"ImageObject\",\"inLanguage\":\"es\",\"@id\":\"https:\/\/eneragrifrance.com\/es\/#\/schema\/logo\/image\/\",\"url\":\"https:\/\/eneragrifrance.com\/wp-content\/uploads\/2022\/08\/logo.png\",\"contentUrl\":\"https:\/\/eneragrifrance.com\/wp-content\/uploads\/2022\/08\/logo.png\",\"width\":360,\"height\":71,\"caption\":\"Ener Agri France\"},\"image\":{\"@id\":\"https:\/\/eneragrifrance.com\/es\/#\/schema\/logo\/image\/\"}}]}<\/script>\n<!-- \/ Yoast SEO plugin. -->","yoast_head_json":{"title":"Pol\u00edtica de Cookies - Ener Agri France","robots":{"index":"index","follow":"follow","max-snippet":"max-snippet:-1","max-image-preview":"max-image-preview:large","max-video-preview":"max-video-preview:-1"},"canonical":"https:\/\/eneragrifrance.com\/es\/politica-de-cookies\/","og_locale":"es_ES","og_type":"article","og_title":"Pol\u00edtica de Cookies - Ener Agri France","og_description":"[vc_row css=\u00bb.vc_custom_1663239307878{margin-bottom: 140px !important;}\u00bb][vc_column][\/vc_column][\/vc_row][vc_row css=\u00bb.vc_custom_1663239355991{margin-bottom: 50px !important;}\u00bb][vc_column][vc_column_text] POL\u00cdTICA DE COOKIES DECISI\u00d3N DE LA AUTORIDAD DE CONTROL DE LA PROTECCI\u00d3N DE DATOS PERSONALES: FICHA DE S\u00cdNTESIS DE LA DECISI\u00d3N N.\u00ba 231 DEL 10 DE JUNIO DE 2021 \u00abCOOKIE: NUEVAS DIRECTRICES EN DEFENSA DE LOS USUARIOS\u00bb En su decisi\u00f3n del pasado junio, la Autoridad de control para&hellip;","og_url":"https:\/\/eneragrifrance.com\/es\/politica-de-cookies\/","og_site_name":"Ener Agri France","article_modified_time":"2025-10-02T08:37:22+00:00","twitter_card":"summary_large_image","twitter_misc":{"Tiempo de lectura":"10 minutos"},"schema":{"@context":"https:\/\/schema.org","@graph":[{"@type":"WebPage","@id":"https:\/\/eneragrifrance.com\/es\/politica-de-cookies\/","url":"https:\/\/eneragrifrance.com\/es\/politica-de-cookies\/","name":"Pol\u00edtica de Cookies - Ener Agri France","isPartOf":{"@id":"https:\/\/eneragrifrance.com\/es\/#website"},"datePublished":"2022-09-15T10:55:41+00:00","dateModified":"2025-10-02T08:37:22+00:00","breadcrumb":{"@id":"https:\/\/eneragrifrance.com\/es\/politica-de-cookies\/#breadcrumb"},"inLanguage":"es","potentialAction":[{"@type":"ReadAction","target":["https:\/\/eneragrifrance.com\/es\/politica-de-cookies\/"]}]},{"@type":"BreadcrumbList","@id":"https:\/\/eneragrifrance.com\/es\/politica-de-cookies\/#breadcrumb","itemListElement":[{"@type":"ListItem","position":1,"name":"Home","item":"https:\/\/eneragrifrance.com\/es\/"},{"@type":"ListItem","position":2,"name":"Pol\u00edtica de Cookies"}]},{"@type":"WebSite","@id":"https:\/\/eneragrifrance.com\/es\/#website","url":"https:\/\/eneragrifrance.com\/es\/","name":"Ener Agri France","description":"","publisher":{"@id":"https:\/\/eneragrifrance.com\/es\/#organization"},"potentialAction":[{"@type":"SearchAction","target":{"@type":"EntryPoint","urlTemplate":"https:\/\/eneragrifrance.com\/es\/?s={search_term_string}"},"query-input":{"@type":"PropertyValueSpecification","valueRequired":true,"valueName":"search_term_string"}}],"inLanguage":"es"},{"@type":"Organization","@id":"https:\/\/eneragrifrance.com\/es\/#organization","name":"Ener Agri France","url":"https:\/\/eneragrifrance.com\/es\/","logo":{"@type":"ImageObject","inLanguage":"es","@id":"https:\/\/eneragrifrance.com\/es\/#\/schema\/logo\/image\/","url":"https:\/\/eneragrifrance.com\/wp-content\/uploads\/2022\/08\/logo.png","contentUrl":"https:\/\/eneragrifrance.com\/wp-content\/uploads\/2022\/08\/logo.png","width":360,"height":71,"caption":"Ener Agri France"},"image":{"@id":"https:\/\/eneragrifrance.com\/es\/#\/schema\/logo\/image\/"}}]}},"_links":{"self":[{"href":"https:\/\/eneragrifrance.com\/es\/wp-json\/wp\/v2\/pages\/1392","targetHints":{"allow":["GET"]}}],"collection":[{"href":"https:\/\/eneragrifrance.com\/es\/wp-json\/wp\/v2\/pages"}],"about":[{"href":"https:\/\/eneragrifrance.com\/es\/wp-json\/wp\/v2\/types\/page"}],"author":[{"embeddable":true,"href":"https:\/\/eneragrifrance.com\/es\/wp-json\/wp\/v2\/users\/3"}],"replies":[{"embeddable":true,"href":"https:\/\/eneragrifrance.com\/es\/wp-json\/wp\/v2\/comments?post=1392"}],"version-history":[{"count":8,"href":"https:\/\/eneragrifrance.com\/es\/wp-json\/wp\/v2\/pages\/1392\/revisions"}],"predecessor-version":[{"id":1400,"href":"https:\/\/eneragrifrance.com\/es\/wp-json\/wp\/v2\/pages\/1392\/revisions\/1400"}],"wp:attachment":[{"href":"https:\/\/eneragrifrance.com\/es\/wp-json\/wp\/v2\/media?parent=1392"}],"curies":[{"name":"wp","href":"https:\/\/api.w.org\/{rel}","templated":true}]}}