{"id":1388,"date":"2021-08-24T14:50:27","date_gmt":"2021-08-24T12:50:27","guid":{"rendered":"https:\/\/eneragrifrance.com\/politica-de-privacidad\/"},"modified":"2025-10-02T09:11:25","modified_gmt":"2025-10-02T07:11:25","slug":"politica-de-privacidad","status":"publish","type":"page","link":"https:\/\/eneragrifrance.com\/es\/politica-de-privacidad\/","title":{"rendered":"Pol\u00edtica de Privacidad"},"content":{"rendered":"<div class=\"wpb-content-wrapper\">[vc_row css=\u00bb.vc_custom_1663239250969{margin-bottom: 140px !important;}\u00bb][vc_column][\/vc_column][\/vc_row][vc_row css=\u00bb.vc_custom_1663239269183{margin-bottom: 50px !important;}\u00bb][vc_column][vc_column_text]\n<h1 class=\"uk-margin-large-top uk-margin-remove-bottom uk-article-title\">POL\u00cdTICA DE PRIVACIDAD<\/h1>\n<div class=\"uk-margin-medium-top\">\n<p><strong>POL\u00cdTICA DE CONFIDENCIALIDAD<\/strong><\/p>\n<p>Esta p\u00e1gina describe c\u00f3mo se gestiona este sitio web en referencia al tratamiento de los datos personales de los usuarios que lo consultan. El tratamiento de los datos se realiza de acuerdo con los criterios establecidos en el Reglamento Europeo sobre la protecci\u00f3n de datos personales, Regl. 2016\/679\/UE, y con cualquier otra legislaci\u00f3n, medida o autorizaci\u00f3n nacional de la autoridad competente correspondiente. Seg\u00fan la legislaci\u00f3n indicada, el tratamiento debe basarse en los principios de equidad, legalidad y transparencia, as\u00ed como en la protecci\u00f3n de su privacidad y de sus derechos.   <\/p>\n<p>La informaci\u00f3n se proporciona \u00fanicamente para el sitio web <strong>www.seedfuturegroup.com<\/strong> y no para otros sitios web que puedan ser consultados por el usuario a trav\u00e9s de enlaces.<\/p>\n<p><strong>RESPONSABLE DEL TRATAMIENTO<\/strong><\/p>\n<p>Tras consultar este sitio, se pueden tratar datos relativos a personas identificadas o identificables. El <strong>responsable del tratamiento es<\/strong> <strong>Agritrade s.r.l<\/strong>., representada por su representante legal temporal, Sr. <strong>Simone Marzari<\/strong>, con domicilio social en Via Monte Baldo 4 \u2013 37069 Villafranca di Verona (VR), Italia. Tel.: +39 045 6340238 Fax: +39 045 4727324; E-mail <a href=\"mailto:info@agritrade.it.\"><span id=\"cloake0d1e586c320a87c3dbefde419a45b89\">info@agritrade.it<\/span>.<\/a> <\/p>\n<p><strong>LUGAR DEL TRATAMIENTO DE DATOS Y COMUNICACI\u00d3N<\/strong><\/p>\n<p>Los tratamientos relacionados con los servicios web de este sitio tienen lugar en la sede social mencionada y son gestionados por el personal de la empresa y\/o por responsables externos de mantenimiento y actualizaci\u00f3n debidamente designados. Ning\u00fan dato procedente del servicio web se comunica o divulga. <\/p>\n<p>Los datos personales proporcionados por los usuarios que env\u00edan solicitudes de servicios, prestaciones o informaci\u00f3n se utilizan \u00fanicamente para ejecutar el servicio o proporcionar la informaci\u00f3n solicitada, y se comunican a terceros debidamente designados solo si es necesario para tal fin.<\/p>\n<p><strong>TIPOS DE DATOS TRATADOS<\/strong><\/p>\n<p><strong>Datos de navegaci\u00f3n<\/strong><\/p>\n<p>Los sistemas inform\u00e1ticos y los procedimientos de software utilizados para operar este sitio web adquieren, durante su funcionamiento normal, ciertos datos personales cuya transmisi\u00f3n es impl\u00edcita en el uso de los protocolos de comunicaci\u00f3n de Internet.<\/p>\n<p>Esta informaci\u00f3n no se recopila para ser asociada a personas identificadas, pero por su propia naturaleza, su tratamiento y la asociaci\u00f3n con datos en posesi\u00f3n de terceros podr\u00edan permitir la identificaci\u00f3n de los usuarios.<\/p>\n<p>Esta categor\u00eda de datos incluye:Las direcciones IP o nombres de dominio de los ordenadores utilizados por los usuarios que se conectan al sitio,Las direcciones URI (Identificador Uniforme de Recursos) de los recursos solicitados,La hora de la solicitud,El m\u00e9todo utilizado para enviar la solicitud al servidor, El tama\u00f1o del archivo obtenido en respuesta,El c\u00f3digo num\u00e9rico que indica el estado de la respuesta proporcionada por el servidor (\u00e9xito, error, etc.), Otros par\u00e1metros relacionados con el sistema operativo y el entorno inform\u00e1tico del usuario.<\/p>\n<p>Estos datos se utilizan \u00fanicamente con el fin de obtener informaci\u00f3n estad\u00edstica an\u00f3nima sobre el uso del sitio y verificar su correcto funcionamiento. Los datos podr\u00edan utilizarse para establecer responsabilidades en caso de delitos inform\u00e1ticos hipot\u00e9ticos contra el sitio. Para estos datos, \u00fanicamente con los fines mencionados, no es necesario solicitar el consentimiento.  <\/p>\n<p><strong>Datos proporcionados voluntariamente por el usuario<\/strong><\/p>\n<p>El env\u00edo opcional, expl\u00edcito y voluntario a trav\u00e9s de medios de intercambio de informaci\u00f3n, como el correo electr\u00f3nico a las direcciones indicadas en este sitio o mediante el formulario completado en las secciones espec\u00edficas con los campos obligatorios y opcionales, implica la adquisici\u00f3n posterior de la informaci\u00f3n y de la direcci\u00f3n del remitente, necesarias para responder a las solicitudes de servicios y\/o informaci\u00f3n. Para estos datos, y \u00fanicamente con los fines mencionados, no es necesario solicitar el consentimiento. <\/p>\n<p><strong>Cookies<\/strong><\/p>\n<p>La pol\u00edtica de cookies del sitio est\u00e1 regulada y descrita en la <a href=\"http:\/\/www.seedfuturegroup.com\/it\/il-gruppo\/cookie-policy\">pol\u00edtica relativa a cookies<\/a> de este sitio.<\/p>\n<p><strong>SUMINISTRO OPCIONAL DE DATOS<\/strong><\/p>\n<p>Adem\u00e1s de lo especificado para los datos de navegaci\u00f3n, el usuario es libre de proporcionar datos personales para solicitar servicios y\/o informaci\u00f3n. En caso de negativa, no podr\u00e1 obtener lo que haya solicitado. <\/p>\n<p><strong>M\u00c9TODOS DE TRATAMIENTO<\/strong><\/p>\n<p>Los datos personales son tratados por el responsable del tratamiento y por encargados del tratamiento debidamente designados para la realizaci\u00f3n de los fines indicados, mediante medios electr\u00f3nicos y archivos en papel, as\u00ed como mediante la utilizaci\u00f3n de medidas de seguridad destinadas a garantizar la confidencialidad de los datos personales y a evitar un acceso indebido por parte de personas no autorizadas.<\/p>\n<p>El responsable del tratamiento de los datos no utiliza procesos automatizados, incluido el perfilado, para alcanzar los objetivos enunciados en esta informaci\u00f3n.<\/p>\n<p>El sitio incluye una secci\u00f3n para el servicio \u201cnewsletter\u201d, que permite, despu\u00e9s de ingresar sus datos de contacto (direcci\u00f3n de correo electr\u00f3nico), recibir informaci\u00f3n y ofertas comerciales sobre nuestros productos. La posibilidad de darse de baja del servicio se garantizar\u00e1 en todo momento.<\/p>\n<p><strong>MODALIDADES DE TRATAMIENTO<\/strong><\/p>\n<p>El responsable del tratamiento tratar\u00e1 los datos personales durante el tiempo necesario para alcanzar los objetivos antes mencionados y, en todo caso, durante un per\u00edodo m\u00e1ximo de 2 a\u00f1os a partir de la adquisici\u00f3n de los datos para fines de tratamiento.<\/p>\n<p><strong>ALCANCE DE LA COMUNICACI\u00d3N Y DIFUSI\u00d3N<\/strong><\/p>\n<p>El responsable del tratamiento declara que sus datos no ser\u00e1n comunicados ni difundidos.<\/p>\n<p><strong>DERECHOS DE LAS PERSONAS INTERESADAS<\/strong><\/p>\n<p>De acuerdo con los art\u00edculos 15 a 22 del RGPD, la persona interesada tiene derecho a solicitar al responsable del tratamiento: el acceso a sus datos personales, la correcci\u00f3n o eliminaci\u00f3n de los mismos, la limitaci\u00f3n del tratamiento que le concierne, o el derecho a oponerse a su tratamiento, as\u00ed como el derecho a solicitar la portabilidad de los datos.<\/p>\n<p>La solicitud puede realizarse por correo electr\u00f3nico, fax o correo certificado, con el asunto: \u201csolicitud de la persona interesada\u201d, especificando en la solicitud el derecho que la persona interesada desea ejercer (eliminaci\u00f3n, rectificaci\u00f3n, portabilidad, olvido), as\u00ed como una direcci\u00f3n de correo electr\u00f3nico\/PEC v\u00e1lida a la cual enviar la respuesta.<\/p>\n<p>El responsable del tratamiento de los datos, o cualquier persona designada por \u00e9l, responder\u00e1 a la solicitud dentro de los 30 d\u00edas a partir de la fecha de recepci\u00f3n. Si la respuesta es compleja, el plazo podr\u00eda ampliarse 30 d\u00edas adicionales, previa notificaci\u00f3n oportuna a la parte interesada. <\/p>\n<p>Si la persona interesada considera oportuno hacer valer sus derechos, puede presentar una reclamaci\u00f3n ante la autoridad de control competente, correspondiente <strong>al Garant\u00eda Nacional de Protecci\u00f3n de la Privacidad<\/strong>, ubicada en Piazza Venezia, 11 \u2013 00187 Roma, e-mail:, <a href=\"mailto:garante@gpdp.it.\"><span id=\"cloak3fddddf61800527eb9ca37697e2a4bda\">garante@gpdp.it<\/span>.<\/a><\/p>\n<p>Fecha de actualizaci\u00f3n: 15\/09\/2022<\/p>\n<\/div>\n[\/vc_column_text][\/vc_column][\/vc_row]\n<\/div>","protected":false},"excerpt":{"rendered":"<p>[vc_row css=\u00bb.vc_custom_1663239250969{margin-bottom: 140px !important;}\u00bb][vc_column][\/vc_column][\/vc_row][vc_row css=\u00bb.vc_custom_1663239269183{margin-bottom: 50px !important;}\u00bb][vc_column][vc_column_text] POL\u00cdTICA DE PRIVACIDAD POL\u00cdTICA DE CONFIDENCIALIDAD Esta p\u00e1gina describe c\u00f3mo se gestiona este sitio web en referencia al tratamiento de los datos personales de los usuarios que lo consultan. El tratamiento de los datos se realiza de acuerdo con los criterios establecidos en el Reglamento Europeo sobre la&hellip;<\/p>\n","protected":false},"author":3,"featured_media":0,"parent":0,"menu_order":0,"comment_status":"closed","ping_status":"open","template":"","meta":{"inline_featured_image":false,"footnotes":""},"class_list":["post-1388","page","type-page","status-publish","hentry","entry","no-media"],"yoast_head":"<!-- This site is optimized with the Yoast SEO plugin v27.2 - https:\/\/yoast.com\/product\/yoast-seo-wordpress\/ -->\n<title>Pol\u00edtica de Privacidad - Ener Agri France<\/title>\n<meta name=\"robots\" content=\"index, follow, max-snippet:-1, max-image-preview:large, max-video-preview:-1\" \/>\n<link rel=\"canonical\" href=\"https:\/\/eneragrifrance.com\/es\/politica-de-privacidad\/\" \/>\n<meta property=\"og:locale\" content=\"es_ES\" \/>\n<meta property=\"og:type\" content=\"article\" \/>\n<meta property=\"og:title\" content=\"Pol\u00edtica de Privacidad - Ener Agri France\" \/>\n<meta property=\"og:description\" content=\"[vc_row css=\u00bb.vc_custom_1663239250969{margin-bottom: 140px !important;}\u00bb][vc_column][\/vc_column][\/vc_row][vc_row css=\u00bb.vc_custom_1663239269183{margin-bottom: 50px !important;}\u00bb][vc_column][vc_column_text] POL\u00cdTICA DE PRIVACIDAD POL\u00cdTICA DE CONFIDENCIALIDAD Esta p\u00e1gina describe c\u00f3mo se gestiona este sitio web en referencia al tratamiento de los datos personales de los usuarios que lo consultan. El tratamiento de los datos se realiza de acuerdo con los criterios establecidos en el Reglamento Europeo sobre la&hellip;\" \/>\n<meta property=\"og:url\" content=\"https:\/\/eneragrifrance.com\/es\/politica-de-privacidad\/\" \/>\n<meta property=\"og:site_name\" content=\"Ener Agri France\" \/>\n<meta property=\"article:modified_time\" content=\"2025-10-02T07:11:25+00:00\" \/>\n<meta name=\"twitter:card\" content=\"summary_large_image\" \/>\n<meta name=\"twitter:label1\" content=\"Tiempo de lectura\" \/>\n\t<meta name=\"twitter:data1\" content=\"6 minutos\" \/>\n<script type=\"application\/ld+json\" class=\"yoast-schema-graph\">{\"@context\":\"https:\/\/schema.org\",\"@graph\":[{\"@type\":\"WebPage\",\"@id\":\"https:\/\/eneragrifrance.com\/es\/politica-de-privacidad\/\",\"url\":\"https:\/\/eneragrifrance.com\/es\/politica-de-privacidad\/\",\"name\":\"Pol\u00edtica de Privacidad - Ener Agri France\",\"isPartOf\":{\"@id\":\"https:\/\/eneragrifrance.com\/es\/#website\"},\"datePublished\":\"2021-08-24T12:50:27+00:00\",\"dateModified\":\"2025-10-02T07:11:25+00:00\",\"breadcrumb\":{\"@id\":\"https:\/\/eneragrifrance.com\/es\/politica-de-privacidad\/#breadcrumb\"},\"inLanguage\":\"es\",\"potentialAction\":[{\"@type\":\"ReadAction\",\"target\":[\"https:\/\/eneragrifrance.com\/es\/politica-de-privacidad\/\"]}]},{\"@type\":\"BreadcrumbList\",\"@id\":\"https:\/\/eneragrifrance.com\/es\/politica-de-privacidad\/#breadcrumb\",\"itemListElement\":[{\"@type\":\"ListItem\",\"position\":1,\"name\":\"Home\",\"item\":\"https:\/\/eneragrifrance.com\/es\/\"},{\"@type\":\"ListItem\",\"position\":2,\"name\":\"Pol\u00edtica de Privacidad\"}]},{\"@type\":\"WebSite\",\"@id\":\"https:\/\/eneragrifrance.com\/es\/#website\",\"url\":\"https:\/\/eneragrifrance.com\/es\/\",\"name\":\"Ener Agri France\",\"description\":\"\",\"publisher\":{\"@id\":\"https:\/\/eneragrifrance.com\/es\/#organization\"},\"potentialAction\":[{\"@type\":\"SearchAction\",\"target\":{\"@type\":\"EntryPoint\",\"urlTemplate\":\"https:\/\/eneragrifrance.com\/es\/?s={search_term_string}\"},\"query-input\":{\"@type\":\"PropertyValueSpecification\",\"valueRequired\":true,\"valueName\":\"search_term_string\"}}],\"inLanguage\":\"es\"},{\"@type\":\"Organization\",\"@id\":\"https:\/\/eneragrifrance.com\/es\/#organization\",\"name\":\"Ener Agri France\",\"url\":\"https:\/\/eneragrifrance.com\/es\/\",\"logo\":{\"@type\":\"ImageObject\",\"inLanguage\":\"es\",\"@id\":\"https:\/\/eneragrifrance.com\/es\/#\/schema\/logo\/image\/\",\"url\":\"https:\/\/eneragrifrance.com\/wp-content\/uploads\/2022\/08\/logo.png\",\"contentUrl\":\"https:\/\/eneragrifrance.com\/wp-content\/uploads\/2022\/08\/logo.png\",\"width\":360,\"height\":71,\"caption\":\"Ener Agri France\"},\"image\":{\"@id\":\"https:\/\/eneragrifrance.com\/es\/#\/schema\/logo\/image\/\"}}]}<\/script>\n<!-- \/ Yoast SEO plugin. -->","yoast_head_json":{"title":"Pol\u00edtica de Privacidad - Ener Agri France","robots":{"index":"index","follow":"follow","max-snippet":"max-snippet:-1","max-image-preview":"max-image-preview:large","max-video-preview":"max-video-preview:-1"},"canonical":"https:\/\/eneragrifrance.com\/es\/politica-de-privacidad\/","og_locale":"es_ES","og_type":"article","og_title":"Pol\u00edtica de Privacidad - Ener Agri France","og_description":"[vc_row css=\u00bb.vc_custom_1663239250969{margin-bottom: 140px !important;}\u00bb][vc_column][\/vc_column][\/vc_row][vc_row css=\u00bb.vc_custom_1663239269183{margin-bottom: 50px !important;}\u00bb][vc_column][vc_column_text] POL\u00cdTICA DE PRIVACIDAD POL\u00cdTICA DE CONFIDENCIALIDAD Esta p\u00e1gina describe c\u00f3mo se gestiona este sitio web en referencia al tratamiento de los datos personales de los usuarios que lo consultan. El tratamiento de los datos se realiza de acuerdo con los criterios establecidos en el Reglamento Europeo sobre la&hellip;","og_url":"https:\/\/eneragrifrance.com\/es\/politica-de-privacidad\/","og_site_name":"Ener Agri France","article_modified_time":"2025-10-02T07:11:25+00:00","twitter_card":"summary_large_image","twitter_misc":{"Tiempo de lectura":"6 minutos"},"schema":{"@context":"https:\/\/schema.org","@graph":[{"@type":"WebPage","@id":"https:\/\/eneragrifrance.com\/es\/politica-de-privacidad\/","url":"https:\/\/eneragrifrance.com\/es\/politica-de-privacidad\/","name":"Pol\u00edtica de Privacidad - Ener Agri France","isPartOf":{"@id":"https:\/\/eneragrifrance.com\/es\/#website"},"datePublished":"2021-08-24T12:50:27+00:00","dateModified":"2025-10-02T07:11:25+00:00","breadcrumb":{"@id":"https:\/\/eneragrifrance.com\/es\/politica-de-privacidad\/#breadcrumb"},"inLanguage":"es","potentialAction":[{"@type":"ReadAction","target":["https:\/\/eneragrifrance.com\/es\/politica-de-privacidad\/"]}]},{"@type":"BreadcrumbList","@id":"https:\/\/eneragrifrance.com\/es\/politica-de-privacidad\/#breadcrumb","itemListElement":[{"@type":"ListItem","position":1,"name":"Home","item":"https:\/\/eneragrifrance.com\/es\/"},{"@type":"ListItem","position":2,"name":"Pol\u00edtica de Privacidad"}]},{"@type":"WebSite","@id":"https:\/\/eneragrifrance.com\/es\/#website","url":"https:\/\/eneragrifrance.com\/es\/","name":"Ener Agri France","description":"","publisher":{"@id":"https:\/\/eneragrifrance.com\/es\/#organization"},"potentialAction":[{"@type":"SearchAction","target":{"@type":"EntryPoint","urlTemplate":"https:\/\/eneragrifrance.com\/es\/?s={search_term_string}"},"query-input":{"@type":"PropertyValueSpecification","valueRequired":true,"valueName":"search_term_string"}}],"inLanguage":"es"},{"@type":"Organization","@id":"https:\/\/eneragrifrance.com\/es\/#organization","name":"Ener Agri France","url":"https:\/\/eneragrifrance.com\/es\/","logo":{"@type":"ImageObject","inLanguage":"es","@id":"https:\/\/eneragrifrance.com\/es\/#\/schema\/logo\/image\/","url":"https:\/\/eneragrifrance.com\/wp-content\/uploads\/2022\/08\/logo.png","contentUrl":"https:\/\/eneragrifrance.com\/wp-content\/uploads\/2022\/08\/logo.png","width":360,"height":71,"caption":"Ener Agri France"},"image":{"@id":"https:\/\/eneragrifrance.com\/es\/#\/schema\/logo\/image\/"}}]}},"_links":{"self":[{"href":"https:\/\/eneragrifrance.com\/es\/wp-json\/wp\/v2\/pages\/1388","targetHints":{"allow":["GET"]}}],"collection":[{"href":"https:\/\/eneragrifrance.com\/es\/wp-json\/wp\/v2\/pages"}],"about":[{"href":"https:\/\/eneragrifrance.com\/es\/wp-json\/wp\/v2\/types\/page"}],"author":[{"embeddable":true,"href":"https:\/\/eneragrifrance.com\/es\/wp-json\/wp\/v2\/users\/3"}],"replies":[{"embeddable":true,"href":"https:\/\/eneragrifrance.com\/es\/wp-json\/wp\/v2\/comments?post=1388"}],"version-history":[{"count":2,"href":"https:\/\/eneragrifrance.com\/es\/wp-json\/wp\/v2\/pages\/1388\/revisions"}],"predecessor-version":[{"id":1390,"href":"https:\/\/eneragrifrance.com\/es\/wp-json\/wp\/v2\/pages\/1388\/revisions\/1390"}],"wp:attachment":[{"href":"https:\/\/eneragrifrance.com\/es\/wp-json\/wp\/v2\/media?parent=1388"}],"curies":[{"name":"wp","href":"https:\/\/api.w.org\/{rel}","templated":true}]}}