{"id":1190,"date":"2022-08-24T13:22:35","date_gmt":"2022-08-24T11:22:35","guid":{"rendered":"https:\/\/eneragrifrance.com\/ensilados\/bache-transparente\/"},"modified":"2025-09-29T10:31:25","modified_gmt":"2025-09-29T08:31:25","slug":"lona-transparente","status":"publish","type":"page","link":"https:\/\/eneragrifrance.com\/es\/ensilados\/lona-transparente\/","title":{"rendered":"Lona transparente"},"content":{"rendered":"<div class=\"wpb-content-wrapper\">[vc_row full_width=\u00bbstretch_row\u00bb content_placement=\u00bbbottom\u00bb css=\u00bb.vc_custom_1661336597168{background-image: url(https:\/\/eneragrifrance.com\/wp-content\/uploads\/2022\/08\/insilati-immagine2.jpg?id=349) !important;background-position: center !important;background-repeat: no-repeat !important;background-size: cover !important;}\u00bb min_height=\u00bb500px\u00bb][vc_column][\/vc_column][\/vc_row][vc_row full_width=\u00bbstretch_row\u00bb css=\u00bb.vc_custom_1661935818869{padding-top: 25px !important;background-color: #9a6748 !important;}\u00bb][vc_column width=\u00bb1\/6&#8243;][vc_column_text]<img loading=\"lazy\" decoding=\"async\" class=\"size-medium wp-image-616 aligncenter\" src=\"https:\/\/eneragrifrance.com\/wp-content\/uploads\/2022\/08\/bachetrasparente-iconabianca.svg\" alt=\"\" width=\"183\" height=\"183\">[\/vc_column_text][\/vc_column][vc_column width=\u00bb5\/6&#8243; css=\u00bb.vc_custom_1661325369460{padding-top: 50px !important;padding-bottom: 50px !important;}\u00bb][vc_column_text color=\u00bb#ffffff\u00bb font_size=\u00bbd:75px|tl:50px|tp:50px|pl:30px|pp:30px\u00bb font_family=\u00bbOswald\u00bb line_height=\u00bb70px\u00bb font_weight=\u00bb500&#8243; el_class=\u00bbline_height_46_mobile\u00bb]Lona transparente[\/vc_column_text][vc_column_text color=\u00bb#ffffff\u00bb font_size=\u00bb20px\u00bb font_family=\u00bbOswald\u00bb line_height=\u00bbsnug\u00bb font_weight=\u00bb300&#8243; css=\u00bb.vc_custom_1661339170583{margin-top: 40px !important;}\u00bb]Excelentes bolsas de vac\u00edo transparentes para una perfecta conservaci\u00f3n.<br \/>\nEl uso de la pel\u00edcula evita la formaci\u00f3n de bolsas de aire<br \/>\nimpidiendo que penetre entre la lona y el ensilado.[\/vc_column_text][\/vc_column][\/vc_row][vc_row el_class=\u00bbdisplay_none_max-1300&#8243;][vc_column][vc_column_text el_class=\u00bbimmagine_Bache-Transparente\u00bb]<img loading=\"lazy\" decoding=\"async\" class=\"alignnone size-medium wp-image-617\" src=\"https:\/\/eneragrifrance.com\/wp-content\/uploads\/2022\/08\/bachetrasparente-iconamarroncina.svg\" alt=\"\" width=\"345\" height=\"345\">[\/vc_column_text][\/vc_column][\/vc_row][vc_row][vc_column]<style>.vcex-breadcrumbs.vcex_69d82f03d60ce{text-align:end;color:#f79530;font-size:18px;font-family:Oswald;}<\/style><nav class=\"vcex-breadcrumbs vcex-breadcrumbs--links-inherit-color vcex-breadcrumbs--custom-color vc_custom_1661328070354 vcex_69d82f03d60ce\"><span><span><a href=\"https:\/\/eneragrifrance.com\/es\/\">Home<\/a><\/span><\/span><\/nav>[\/vc_column][\/vc_row][vc_row][vc_column width=\u00bb1\/12&#8243;][\/vc_column][vc_column width=\u00bb10\/12&#8243;][vc_column_text color=\u00bb#000000&#8243; font_size=\u00bbd:28px|pl:22px|pp:22px\u00bb font_family=\u00bbOswald\u00bb line_height=\u00bbsnug\u00bb font_weight=\u00bb400&#8243; css=\u00bb.vc_custom_1661933841108{margin-top: 40px !important;}\u00bb]LONA DELGADA TRANSPARENTE 40 \u03bc[\/vc_column_text][\/vc_column][vc_column width=\u00bb1\/12&#8243;][\/vc_column][\/vc_row][vc_row content_placement=\u00bbbottom\u00bb css=\u00bb.vc_custom_1661342031924{margin-top: 40px !important;}\u00bb][vc_column]<style>.vcex-multi-buttons.vcex_69d82f03d97cc .theme-button,.vcex-multi-buttons.vcex_69d82f03d97cc .theme-txt-link{font-size:28px;font-family:Oswald;font-weight:500;}<\/style><div class=\"vcex-multi-buttons wpex-flex wpex-flex-wrap wpex-items-center wpex-gap-10 wpex-justify-center bottone vcex_69d82f03d97cc\"><a href=\"#\" class=\"theme-button flat outline-transparent wpex-text-center vcex-count-1\">6x50 m<\/a><a href=\"#\" class=\"theme-button flat outline-transparent wpex-text-center vcex-count-2\">8x50 m<\/a><a href=\"#\" class=\"theme-button flat outline-transparent wpex-text-center vcex-count-3\">10x50 m<\/a><a href=\"#\" class=\"theme-button flat outline-transparent wpex-text-center vcex-count-4\">12x50 m<\/a><a href=\"#\" class=\"theme-button flat outline-transparent wpex-text-center vcex-count-5\">14x50 m<\/a><a href=\"#\" class=\"theme-button flat outline-transparent wpex-text-center vcex-count-6\">16x50 m<\/a><a href=\"#\" class=\"theme-button flat outline-transparent wpex-text-center vcex-count-7\">18x50 m<\/a><\/div>[\/vc_column][\/vc_row][vc_row content_placement=\u00bbbottom\u00bb css=\u00bb.vc_custom_1661342131077{margin-bottom: 200px !important;border-bottom-width: 1px !important;padding-bottom: 20px !important;border-bottom-color: #bc956b !important;border-bottom-style: solid !important;}\u00bb][vc_column width=\u00bb1\/12&#8243;][\/vc_column][vc_column width=\u00bb10\/12&#8243;][vc_column_text color=\u00bb#000000&#8243; font_size=\u00bb16px\u00bb font_family=\u00bbOswald\u00bb line_height=\u00bbsnug\u00bb font_weight=\u00bb300&#8243; css=\u00bb.vc_custom_1661342090054{margin-top: 40px !important;}\u00bb text_align=\u00bbright\u00bb]*Disponible aussi avec une longueur de 300m.[\/vc_column_text][\/vc_column][vc_column width=\u00bb1\/12&#8243;][\/vc_column][\/vc_row][vc_row full_width=\u00bbstretch_row_content_no_spaces\u00bb][vc_column width=\u00bb1\/6&#8243;][\/vc_column][vc_column width=\u00bb5\/6&#8243;][vc_single_image image=\u00bb1183&#8243; alignment=\u00bbcenter\u00bb][\/vc_column][\/vc_row][vc_row][vc_column]<div class=\"templatera_shortcode\"><style type=\"text\/css\" data-type=\"vc_shortcodes-custom-css\">.vc_custom_1661929277183{padding-top: 80px !important;padding-bottom: 80px !important;background-color: #f8e6bf !important;}<\/style><div class=\"vc_row wpb_row vc_row-fluid vc_custom_1661929277183 wpex-vc-full-width-row wpex-vc-full-width-row--centered wpex-relative wpex-vc_row-has-fill wpex-vc-reset-negative-margin\"><div class=\"wpb_column vc_column_container vc_col-sm-3\"><div class=\"vc_column-inner\"><div class=\"wpb_wrapper\"><style>.vcex_69d82f03dd2e0{font-size:40px!important;}@media (max-width:767px){.vcex_69d82f03dd2e0{font-size:28px!important;}}@media (max-width:479px){.vcex_69d82f03dd2e0{font-size:28px!important;}}<\/style>\n\t<div style=\"color:#f79530;font-family:Oswald;font-weight:700;line-height:40px;\" class=\"wpb_text_column vcex_69d82f03dd2e0 has-custom-color wpex-child-inherit-color wpb_content_element text_align_form_footer\" >\n\t\t<div class=\"wpb_wrapper\">\n\t\t\t<p>Solicitud de <span class=\"desktop\"><br \/>\n<\/span>informaci\u00f3n<\/p>\n\n\t\t<\/div>\n\t<\/div>\n<\/div><\/div><\/div><div class=\"wpb_column vc_column_container vc_col-sm-9\"><div class=\"vc_column-inner\"><div class=\"wpb_wrapper\"><div class=\"vc_empty_space  mobile\"   style=\"height: 32px\"><span class=\"vc_empty_space_inner\"><\/span><\/div>\n<div class=\"wpcf7 no-js\" id=\"wpcf7-f1260-o1\" lang=\"es-ES\" dir=\"ltr\" data-wpcf7-id=\"1260\">\n<div class=\"screen-reader-response\"><p role=\"status\" aria-live=\"polite\" aria-atomic=\"true\"><\/p> <ul><\/ul><\/div>\n<form action=\"\/es\/wp-json\/wp\/v2\/pages\/1190#wpcf7-f1260-o1\" method=\"post\" class=\"wpcf7-form init\" aria-label=\"Formulario de contacto\" novalidate=\"novalidate\" data-status=\"init\">\n<fieldset class=\"hidden-fields-container\"><input type=\"hidden\" name=\"_wpcf7\" value=\"1260\" \/><input type=\"hidden\" name=\"_wpcf7_version\" value=\"6.1.5\" \/><input type=\"hidden\" name=\"_wpcf7_locale\" value=\"es_ES\" \/><input type=\"hidden\" name=\"_wpcf7_unit_tag\" value=\"wpcf7-f1260-o1\" \/><input type=\"hidden\" name=\"_wpcf7_container_post\" value=\"0\" \/><input type=\"hidden\" name=\"_wpcf7_posted_data_hash\" value=\"\" \/>\n<\/fieldset>\n<p><span class=\"wpcf7-form-control-wrap\" data-name=\"nombre-apellidos\"><input size=\"40\" maxlength=\"400\" class=\"wpcf7-form-control wpcf7-text wpcf7-validates-as-required\" aria-required=\"true\" aria-invalid=\"false\" placeholder=\"Nombre y apellidos\" value=\"\" type=\"text\" name=\"nombre-apellidos\" \/><\/span>\n<\/p>\n<p><span class=\"wpcf7-form-control-wrap\" data-name=\"correo\"><input size=\"40\" maxlength=\"400\" class=\"wpcf7-form-control wpcf7-email wpcf7-validates-as-required wpcf7-text wpcf7-validates-as-email\" aria-required=\"true\" aria-invalid=\"false\" placeholder=\"Correo\" value=\"\" type=\"email\" name=\"correo\" \/><\/span>\n<\/p>\n<p><span class=\"wpcf7-form-control-wrap\" data-name=\"mensaje\"><textarea cols=\"40\" rows=\"10\" maxlength=\"2000\" class=\"wpcf7-form-control wpcf7-textarea\" aria-invalid=\"false\" placeholder=\"Su mensaje\" name=\"mensaje\"><\/textarea><\/span>\n<\/p>\n<p><span class=\"wpcf7-form-control-wrap\" data-name=\"privacy\"><span class=\"wpcf7-form-control wpcf7-acceptance\"><span class=\"wpcf7-list-item\"><label><input type=\"checkbox\" name=\"privacy\" value=\"1\" aria-invalid=\"false\" \/><span class=\"wpcf7-list-item-label\">Autorizo el tratamiento de mis datos personales.<\/span><\/label><\/span><\/span><\/span>\n<\/p>\n<div id=\"cf7sr-69d82f03df166\" class=\"cf7sr-g-recaptcha\" data-theme=\"light\" data-type=\"image\" data-size=\"normal\" data-sitekey=\"6LfmylEnAAAAABI4fM-f0cc4-JDqvElkoTGhq3KL\"><\/div><span class=\"wpcf7-form-control-wrap cf7sr-recaptcha\" data-name=\"cf7sr-recaptcha\"><input type=\"hidden\" name=\"cf7sr-recaptcha\" value=\"\" class=\"wpcf7-form-control\"><\/span>\n<\/p>\n<p><input class=\"wpcf7-form-control wpcf7-submit has-spinner\" type=\"submit\" value=\"Enviar\" \/>\n<\/p><div class=\"wpcf7-response-output\" aria-hidden=\"true\"><\/div>\n<\/form>\n<\/div>\n<\/div><\/div><\/div><\/div><\/div>[\/vc_column][\/vc_row]\n<\/div>","protected":false},"excerpt":{"rendered":"Lona transparente Excelentes bolsas de vac\u00edo transparentes para una perfecta conservaci\u00f3n. El uso de la pel\u00edcula evita la formaci\u00f3n de bolsas de aire impidiendo que penetre entre la lona y el ensilado. Home LONA DELGADA TRANSPARENTE 40 \u03bc 6x50 m8x50 m10x50 m12x50 m14x50 m16x50 m18x50 m *Disponible aussi avec une longueur de 300m. Solicitud de&hellip;","protected":false},"author":3,"featured_media":0,"parent":1164,"menu_order":0,"comment_status":"closed","ping_status":"closed","template":"","meta":{"inline_featured_image":false,"footnotes":""},"class_list":["post-1190","page","type-page","status-publish","hentry","entry","no-media"],"yoast_head":"<!-- This site is optimized with the Yoast SEO plugin v27.2 - https:\/\/yoast.com\/product\/yoast-seo-wordpress\/ -->\n<title>Lona transparente - Ener Agri France<\/title>\n<meta name=\"robots\" content=\"index, follow, max-snippet:-1, max-image-preview:large, max-video-preview:-1\" \/>\n<link rel=\"canonical\" href=\"https:\/\/eneragrifrance.com\/es\/ensilados\/lona-transparente\/\" \/>\n<meta property=\"og:locale\" content=\"es_ES\" \/>\n<meta property=\"og:type\" content=\"article\" \/>\n<meta property=\"og:title\" content=\"Lona transparente - Ener Agri France\" \/>\n<meta property=\"og:url\" content=\"https:\/\/eneragrifrance.com\/es\/ensilados\/lona-transparente\/\" \/>\n<meta property=\"og:site_name\" content=\"Ener Agri France\" \/>\n<meta property=\"article:modified_time\" content=\"2025-09-29T08:31:25+00:00\" \/>\n<meta name=\"twitter:card\" content=\"summary_large_image\" \/>\n<meta name=\"twitter:label1\" content=\"Tiempo de lectura\" \/>\n\t<meta name=\"twitter:data1\" content=\"3 minutos\" \/>\n<script type=\"application\/ld+json\" class=\"yoast-schema-graph\">{\"@context\":\"https:\/\/schema.org\",\"@graph\":[{\"@type\":\"WebPage\",\"@id\":\"https:\/\/eneragrifrance.com\/es\/ensilados\/lona-transparente\/\",\"url\":\"https:\/\/eneragrifrance.com\/es\/ensilados\/lona-transparente\/\",\"name\":\"Lona transparente - Ener Agri France\",\"isPartOf\":{\"@id\":\"https:\/\/eneragrifrance.com\/es\/#website\"},\"primaryImageOfPage\":{\"@id\":\"https:\/\/eneragrifrance.com\/es\/ensilados\/lona-transparente\/#primaryimage\"},\"image\":{\"@id\":\"https:\/\/eneragrifrance.com\/es\/ensilados\/lona-transparente\/#primaryimage\"},\"thumbnailUrl\":\"https:\/\/eneragrifrance.com\/wp-content\/uploads\/2022\/08\/bachetrasparente-iconabianca.svg\",\"datePublished\":\"2022-08-24T11:22:35+00:00\",\"dateModified\":\"2025-09-29T08:31:25+00:00\",\"breadcrumb\":{\"@id\":\"https:\/\/eneragrifrance.com\/es\/ensilados\/lona-transparente\/#breadcrumb\"},\"inLanguage\":\"es\",\"potentialAction\":[{\"@type\":\"ReadAction\",\"target\":[\"https:\/\/eneragrifrance.com\/es\/ensilados\/lona-transparente\/\"]}]},{\"@type\":\"ImageObject\",\"inLanguage\":\"es\",\"@id\":\"https:\/\/eneragrifrance.com\/es\/ensilados\/lona-transparente\/#primaryimage\",\"url\":\"https:\/\/eneragrifrance.com\/wp-content\/uploads\/2022\/08\/bachetrasparente-iconabianca.svg\",\"contentUrl\":\"https:\/\/eneragrifrance.com\/wp-content\/uploads\/2022\/08\/bachetrasparente-iconabianca.svg\"},{\"@type\":\"BreadcrumbList\",\"@id\":\"https:\/\/eneragrifrance.com\/es\/ensilados\/lona-transparente\/#breadcrumb\",\"itemListElement\":[{\"@type\":\"ListItem\",\"position\":1,\"name\":\"Home\",\"item\":\"https:\/\/eneragrifrance.com\/es\/\"},{\"@type\":\"ListItem\",\"position\":2,\"name\":\"ensilados\",\"item\":\"https:\/\/eneragrifrance.com\/es\/ensilados\/\"},{\"@type\":\"ListItem\",\"position\":3,\"name\":\"Lona transparente\"}]},{\"@type\":\"WebSite\",\"@id\":\"https:\/\/eneragrifrance.com\/es\/#website\",\"url\":\"https:\/\/eneragrifrance.com\/es\/\",\"name\":\"Ener Agri France\",\"description\":\"\",\"publisher\":{\"@id\":\"https:\/\/eneragrifrance.com\/es\/#organization\"},\"potentialAction\":[{\"@type\":\"SearchAction\",\"target\":{\"@type\":\"EntryPoint\",\"urlTemplate\":\"https:\/\/eneragrifrance.com\/es\/?s={search_term_string}\"},\"query-input\":{\"@type\":\"PropertyValueSpecification\",\"valueRequired\":true,\"valueName\":\"search_term_string\"}}],\"inLanguage\":\"es\"},{\"@type\":\"Organization\",\"@id\":\"https:\/\/eneragrifrance.com\/es\/#organization\",\"name\":\"Ener Agri France\",\"url\":\"https:\/\/eneragrifrance.com\/es\/\",\"logo\":{\"@type\":\"ImageObject\",\"inLanguage\":\"es\",\"@id\":\"https:\/\/eneragrifrance.com\/es\/#\/schema\/logo\/image\/\",\"url\":\"https:\/\/eneragrifrance.com\/wp-content\/uploads\/2022\/08\/logo.png\",\"contentUrl\":\"https:\/\/eneragrifrance.com\/wp-content\/uploads\/2022\/08\/logo.png\",\"width\":360,\"height\":71,\"caption\":\"Ener Agri France\"},\"image\":{\"@id\":\"https:\/\/eneragrifrance.com\/es\/#\/schema\/logo\/image\/\"}}]}<\/script>\n<!-- \/ Yoast SEO plugin. -->","yoast_head_json":{"title":"Lona transparente - Ener Agri France","robots":{"index":"index","follow":"follow","max-snippet":"max-snippet:-1","max-image-preview":"max-image-preview:large","max-video-preview":"max-video-preview:-1"},"canonical":"https:\/\/eneragrifrance.com\/es\/ensilados\/lona-transparente\/","og_locale":"es_ES","og_type":"article","og_title":"Lona transparente - Ener Agri France","og_url":"https:\/\/eneragrifrance.com\/es\/ensilados\/lona-transparente\/","og_site_name":"Ener Agri France","article_modified_time":"2025-09-29T08:31:25+00:00","twitter_card":"summary_large_image","twitter_misc":{"Tiempo de lectura":"3 minutos"},"schema":{"@context":"https:\/\/schema.org","@graph":[{"@type":"WebPage","@id":"https:\/\/eneragrifrance.com\/es\/ensilados\/lona-transparente\/","url":"https:\/\/eneragrifrance.com\/es\/ensilados\/lona-transparente\/","name":"Lona transparente - Ener Agri France","isPartOf":{"@id":"https:\/\/eneragrifrance.com\/es\/#website"},"primaryImageOfPage":{"@id":"https:\/\/eneragrifrance.com\/es\/ensilados\/lona-transparente\/#primaryimage"},"image":{"@id":"https:\/\/eneragrifrance.com\/es\/ensilados\/lona-transparente\/#primaryimage"},"thumbnailUrl":"https:\/\/eneragrifrance.com\/wp-content\/uploads\/2022\/08\/bachetrasparente-iconabianca.svg","datePublished":"2022-08-24T11:22:35+00:00","dateModified":"2025-09-29T08:31:25+00:00","breadcrumb":{"@id":"https:\/\/eneragrifrance.com\/es\/ensilados\/lona-transparente\/#breadcrumb"},"inLanguage":"es","potentialAction":[{"@type":"ReadAction","target":["https:\/\/eneragrifrance.com\/es\/ensilados\/lona-transparente\/"]}]},{"@type":"ImageObject","inLanguage":"es","@id":"https:\/\/eneragrifrance.com\/es\/ensilados\/lona-transparente\/#primaryimage","url":"https:\/\/eneragrifrance.com\/wp-content\/uploads\/2022\/08\/bachetrasparente-iconabianca.svg","contentUrl":"https:\/\/eneragrifrance.com\/wp-content\/uploads\/2022\/08\/bachetrasparente-iconabianca.svg"},{"@type":"BreadcrumbList","@id":"https:\/\/eneragrifrance.com\/es\/ensilados\/lona-transparente\/#breadcrumb","itemListElement":[{"@type":"ListItem","position":1,"name":"Home","item":"https:\/\/eneragrifrance.com\/es\/"},{"@type":"ListItem","position":2,"name":"ensilados","item":"https:\/\/eneragrifrance.com\/es\/ensilados\/"},{"@type":"ListItem","position":3,"name":"Lona transparente"}]},{"@type":"WebSite","@id":"https:\/\/eneragrifrance.com\/es\/#website","url":"https:\/\/eneragrifrance.com\/es\/","name":"Ener Agri France","description":"","publisher":{"@id":"https:\/\/eneragrifrance.com\/es\/#organization"},"potentialAction":[{"@type":"SearchAction","target":{"@type":"EntryPoint","urlTemplate":"https:\/\/eneragrifrance.com\/es\/?s={search_term_string}"},"query-input":{"@type":"PropertyValueSpecification","valueRequired":true,"valueName":"search_term_string"}}],"inLanguage":"es"},{"@type":"Organization","@id":"https:\/\/eneragrifrance.com\/es\/#organization","name":"Ener Agri France","url":"https:\/\/eneragrifrance.com\/es\/","logo":{"@type":"ImageObject","inLanguage":"es","@id":"https:\/\/eneragrifrance.com\/es\/#\/schema\/logo\/image\/","url":"https:\/\/eneragrifrance.com\/wp-content\/uploads\/2022\/08\/logo.png","contentUrl":"https:\/\/eneragrifrance.com\/wp-content\/uploads\/2022\/08\/logo.png","width":360,"height":71,"caption":"Ener Agri France"},"image":{"@id":"https:\/\/eneragrifrance.com\/es\/#\/schema\/logo\/image\/"}}]}},"_links":{"self":[{"href":"https:\/\/eneragrifrance.com\/es\/wp-json\/wp\/v2\/pages\/1190","targetHints":{"allow":["GET"]}}],"collection":[{"href":"https:\/\/eneragrifrance.com\/es\/wp-json\/wp\/v2\/pages"}],"about":[{"href":"https:\/\/eneragrifrance.com\/es\/wp-json\/wp\/v2\/types\/page"}],"author":[{"embeddable":true,"href":"https:\/\/eneragrifrance.com\/es\/wp-json\/wp\/v2\/users\/3"}],"replies":[{"embeddable":true,"href":"https:\/\/eneragrifrance.com\/es\/wp-json\/wp\/v2\/comments?post=1190"}],"version-history":[{"count":13,"href":"https:\/\/eneragrifrance.com\/es\/wp-json\/wp\/v2\/pages\/1190\/revisions"}],"predecessor-version":[{"id":1270,"href":"https:\/\/eneragrifrance.com\/es\/wp-json\/wp\/v2\/pages\/1190\/revisions\/1270"}],"up":[{"embeddable":true,"href":"https:\/\/eneragrifrance.com\/es\/wp-json\/wp\/v2\/pages\/1164"}],"wp:attachment":[{"href":"https:\/\/eneragrifrance.com\/es\/wp-json\/wp\/v2\/media?parent=1190"}],"curies":[{"name":"wp","href":"https:\/\/api.w.org\/{rel}","templated":true}]}}