{"id":1114,"date":"2022-08-24T10:16:58","date_gmt":"2022-08-24T08:16:58","guid":{"rendered":"https:\/\/eneragrifrance.com\/productos-para-biogas\/fer\/"},"modified":"2025-09-30T08:29:08","modified_gmt":"2025-09-30T06:29:08","slug":"hierro","status":"publish","type":"page","link":"https:\/\/eneragrifrance.com\/es\/productos-para-biogas\/hierro\/","title":{"rendered":"Hierro"},"content":{"rendered":"<div class=\"wpb-content-wrapper\">[vc_row full_width=\u00bbstretch_row\u00bb content_placement=\u00bbbottom\u00bb css=\u00bb.vc_custom_1661324786404{background-image: url(https:\/\/eneragrifrance.com\/wp-content\/uploads\/2022\/08\/produits-pour-biogaz.jpg?id=240) !important;background-position: center !important;background-repeat: no-repeat !important;background-size: cover !important;}\u00bb min_height=\u00bb500px\u00bb][vc_column][\/vc_column][\/vc_row][vc_row full_width=\u00bbstretch_row\u00bb css=\u00bb.vc_custom_1661935760278{padding-top: 25px !important;padding-bottom: 50px !important;background-color: #bc956b !important;}\u00bb][vc_column width=\u00bb1\/6&#8243;][vc_column_text]<a href=\"https:\/\/eneragrifrance.com\/wp-content\/uploads\/2022\/08\/fer-iconabianca.svg\"><img loading=\"lazy\" decoding=\"async\" class=\"size-medium wp-image-706 aligncenter\" src=\"https:\/\/eneragrifrance.com\/wp-content\/uploads\/2022\/08\/fer-iconabianca.svg\" alt=\"\" width=\"183\" height=\"183\"><\/a>[\/vc_column_text][\/vc_column][vc_column width=\u00bb5\/6&#8243; css=\u00bb.vc_custom_1661325369460{padding-top: 50px !important;padding-bottom: 50px !important;}\u00bb][vc_column_text color=\u00bb#ffffff\u00bb font_size=\u00bbd:75px|tl:50px|tp:50px|pl:30px|pp:30px\u00bb font_family=\u00bbOswald\u00bb line_height=\u00bb70px\u00bb font_weight=\u00bb500&#8243; el_class=\u00bbline_height_46_mobile\u00bb]Hierro[\/vc_column_text][\/vc_column][\/vc_row][vc_row el_class=\u00bbdisplay_none_max-1300&#8243;][vc_column][vc_column_text el_class=\u00bbimmagine_Fer\u00bb]<img decoding=\"async\" class=\"alignnone size-medium wp-image-707\" src=\"https:\/\/eneragrifrance.com\/wp-content\/uploads\/2022\/08\/fer-iconamarroncina.svg\" alt=\"\" width=\"400\">[\/vc_column_text][\/vc_column][\/vc_row][vc_row][vc_column]<style>.vcex-breadcrumbs.vcex_69e7ab48af0d0{text-align:end;color:#f79530;font-size:18px;font-family:Oswald;}<\/style><nav class=\"vcex-breadcrumbs vcex-breadcrumbs--links-inherit-color vcex-breadcrumbs--custom-color vc_custom_1661328070354 vcex_69e7ab48af0d0\"><span><span><a href=\"https:\/\/eneragrifrance.com\/es\/\">Home<\/a><\/span><\/span><\/nav>[\/vc_column][\/vc_row][vc_row content_placement=\u00bbbottom\u00bb css=\u00bb.vc_custom_1661329520500{margin-bottom: 200px !important;border-bottom-width: 1px !important;padding-top: 40px !important;padding-bottom: 40px !important;border-bottom-color: #bc956b !important;border-bottom-style: solid !important;}\u00bb][vc_column][vc_column_text color=\u00bb#000000&#8243; font_size=\u00bb28px\u00bb font_family=\u00bbOswald\u00bb line_height=\u00bbsnug\u00bb font_weight=\u00bb300&#8243; css=\u00bb.vc_custom_1661329083273{margin-top: 15px !important;}\u00bb]El hierro optimiza el proceso del biog\u00e1s reduciendo<br \/>\nel H2S para prolongar la vida del motor y del aceite.<br \/>\n<strong>Presentamos cuatro tipos de aditivos:<\/strong>[\/vc_column_text]<style>.vcex-list_item.vcex_69e7ab48b2f06{color:#000000;font-size:32px;font-family:Oswald;font-weight:300;line-height:var(--wpex-leading-snug);}.vcex-list_item.vcex_69e7ab48b2f06 .vcex-list-item-icon-inner{color:#f79530;}<\/style><div class=\"vcex-list_item vcex-module wpex-m-0 wpex-max-w-100 wpex-mb-5 vc_custom_1661329372055 vcex_69e7ab48b2f06\"><div class=\"vcex-list-item-inner wpex-inline-flex wpex-flex-no-wrap\"><div class=\"vcex-list-item-icon wpex-mr-10\"><div class=\"vcex-list-item-icon-inner vcex-icon-wrap wpex-inline-flex wpex-justify-center wpex-items-center wpex-leading-none wpex-child-inherit-color\"><span class=\"wpex-icon--w wpex-icon wpex-icon--bidi\" aria-hidden=\"true\"><svg xmlns=\"http:\/\/www.w3.org\/2000\/svg\" viewBox=\"0 0 11 32\"><path d=\"M10.286 16q0 0.464-0.339 0.804l-8 8q-0.339 0.339-0.804 0.339t-0.804-0.339-0.339-0.804v-16q0-0.464 0.339-0.804t0.804-0.339 0.804 0.339l8 8q0.339 0.339 0.339 0.804z\"><\/path><\/svg><\/span><\/div><\/div><div class=\"vcex-list-item-text vcex-content wpex-flex-grow\">HIDR\u00d3XIDO DE HIERRO SPEEDY<\/div><\/div><\/div><style>.vcex-list_item.vcex_69e7ab48b3beb{color:#000000;font-size:32px;font-family:Oswald;font-weight:300;line-height:var(--wpex-leading-snug);}.vcex-list_item.vcex_69e7ab48b3beb .vcex-list-item-icon-inner{color:#f79530;}<\/style><div class=\"vcex-list_item vcex-module wpex-m-0 wpex-max-w-100 wpex-mb-5 vcex_69e7ab48b3beb\"><div class=\"vcex-list-item-inner wpex-inline-flex wpex-flex-no-wrap\"><div class=\"vcex-list-item-icon wpex-mr-10\"><div class=\"vcex-list-item-icon-inner vcex-icon-wrap wpex-inline-flex wpex-justify-center wpex-items-center wpex-leading-none wpex-child-inherit-color\"><span class=\"wpex-icon--w wpex-icon wpex-icon--bidi\" aria-hidden=\"true\"><svg xmlns=\"http:\/\/www.w3.org\/2000\/svg\" viewBox=\"0 0 11 32\"><path d=\"M10.286 16q0 0.464-0.339 0.804l-8 8q-0.339 0.339-0.804 0.339t-0.804-0.339-0.339-0.804v-16q0-0.464 0.339-0.804t0.804-0.339 0.804 0.339l8 8q0.339 0.339 0.339 0.804z\"><\/path><\/svg><\/span><\/div><\/div><div class=\"vcex-list-item-text vcex-content wpex-flex-grow\">FAST IRON<\/div><\/div><\/div><style>.vcex-list_item.vcex_69e7ab48b458c{color:#000000;font-size:32px;font-family:Oswald;font-weight:300;line-height:var(--wpex-leading-snug);}.vcex-list_item.vcex_69e7ab48b458c .vcex-list-item-icon-inner{color:#f79530;}<\/style><div class=\"vcex-list_item vcex-module wpex-m-0 wpex-max-w-100 wpex-mb-5 vcex_69e7ab48b458c\"><div class=\"vcex-list-item-inner wpex-inline-flex wpex-flex-no-wrap\"><div class=\"vcex-list-item-icon wpex-mr-10\"><div class=\"vcex-list-item-icon-inner vcex-icon-wrap wpex-inline-flex wpex-justify-center wpex-items-center wpex-leading-none wpex-child-inherit-color\"><span class=\"wpex-icon--w wpex-icon wpex-icon--bidi\" aria-hidden=\"true\"><svg xmlns=\"http:\/\/www.w3.org\/2000\/svg\" viewBox=\"0 0 11 32\"><path d=\"M10.286 16q0 0.464-0.339 0.804l-8 8q-0.339 0.339-0.804 0.339t-0.804-0.339-0.339-0.804v-16q0-0.464 0.339-0.804t0.804-0.339 0.804 0.339l8 8q0.339 0.339 0.339 0.804z\"><\/path><\/svg><\/span><\/div><\/div><div class=\"vcex-list-item-text vcex-content wpex-flex-grow\">\u00d3XIDO DE HIERRO<\/div><\/div><\/div><style>.vcex-list_item.vcex_69e7ab48b4e4f{color:#000000;font-size:32px;font-family:Oswald;font-weight:300;line-height:var(--wpex-leading-snug);}.vcex-list_item.vcex_69e7ab48b4e4f .vcex-list-item-icon-inner{color:#f79530;}<\/style><div class=\"vcex-list_item vcex-module wpex-m-0 wpex-max-w-100 wpex-mb-5 vcex_69e7ab48b4e4f\"><div class=\"vcex-list-item-inner wpex-inline-flex wpex-flex-no-wrap\"><div class=\"vcex-list-item-icon wpex-mr-10\"><div class=\"vcex-list-item-icon-inner vcex-icon-wrap wpex-inline-flex wpex-justify-center wpex-items-center wpex-leading-none wpex-child-inherit-color\"><span class=\"wpex-icon--w wpex-icon wpex-icon--bidi\" aria-hidden=\"true\"><svg xmlns=\"http:\/\/www.w3.org\/2000\/svg\" viewBox=\"0 0 11 32\"><path d=\"M10.286 16q0 0.464-0.339 0.804l-8 8q-0.339 0.339-0.804 0.339t-0.804-0.339-0.339-0.804v-16q0-0.464 0.339-0.804t0.804-0.339 0.804 0.339l8 8q0.339 0.339 0.339 0.804z\"><\/path><\/svg><\/span><\/div><\/div><div class=\"vcex-list-item-text vcex-content wpex-flex-grow\">CLORURO F\u00c9RRICO<\/div><\/div><\/div>[\/vc_column][\/vc_row][vc_row][vc_column]<div class=\"templatera_shortcode\"><style type=\"text\/css\" data-type=\"vc_shortcodes-custom-css\">.vc_custom_1661929277183{padding-top: 80px !important;padding-bottom: 80px !important;background-color: #f8e6bf !important;}<\/style><div class=\"vc_row wpb_row vc_row-fluid vc_custom_1661929277183 wpex-vc-full-width-row wpex-vc-full-width-row--centered wpex-relative wpex-vc_row-has-fill wpex-vc-reset-negative-margin\"><div class=\"wpb_column vc_column_container vc_col-sm-3\"><div class=\"vc_column-inner\"><div class=\"wpb_wrapper\"><style>.vcex_69e7ab48b7d3c{font-size:40px!important;}@media (max-width:767px){.vcex_69e7ab48b7d3c{font-size:28px!important;}}@media (max-width:479px){.vcex_69e7ab48b7d3c{font-size:28px!important;}}<\/style>\n\t<div style=\"color:#f79530;font-family:Oswald;font-weight:700;line-height:40px;\" class=\"wpb_text_column vcex_69e7ab48b7d3c has-custom-color wpex-child-inherit-color wpb_content_element text_align_form_footer\" >\n\t\t<div class=\"wpb_wrapper\">\n\t\t\t<p>Solicitud de <span class=\"desktop\"><br \/>\n<\/span>informaci\u00f3n<\/p>\n\n\t\t<\/div>\n\t<\/div>\n<\/div><\/div><\/div><div class=\"wpb_column vc_column_container vc_col-sm-9\"><div class=\"vc_column-inner\"><div class=\"wpb_wrapper\"><div class=\"vc_empty_space  mobile\"   style=\"height: 32px\"><span class=\"vc_empty_space_inner\"><\/span><\/div>\n<div class=\"wpcf7 no-js\" id=\"wpcf7-f1260-o1\" lang=\"es-ES\" dir=\"ltr\" data-wpcf7-id=\"1260\">\n<div class=\"screen-reader-response\"><p role=\"status\" aria-live=\"polite\" aria-atomic=\"true\"><\/p> <ul><\/ul><\/div>\n<form action=\"\/es\/wp-json\/wp\/v2\/pages\/1114#wpcf7-f1260-o1\" method=\"post\" class=\"wpcf7-form init\" aria-label=\"Formulario de contacto\" novalidate=\"novalidate\" data-status=\"init\">\n<fieldset class=\"hidden-fields-container\"><input type=\"hidden\" name=\"_wpcf7\" value=\"1260\" \/><input type=\"hidden\" name=\"_wpcf7_version\" value=\"6.1.5\" \/><input type=\"hidden\" name=\"_wpcf7_locale\" value=\"es_ES\" \/><input type=\"hidden\" name=\"_wpcf7_unit_tag\" value=\"wpcf7-f1260-o1\" \/><input type=\"hidden\" name=\"_wpcf7_container_post\" value=\"0\" \/><input type=\"hidden\" name=\"_wpcf7_posted_data_hash\" value=\"\" \/>\n<\/fieldset>\n<p><span class=\"wpcf7-form-control-wrap\" data-name=\"nombre-apellidos\"><input size=\"40\" maxlength=\"400\" class=\"wpcf7-form-control wpcf7-text wpcf7-validates-as-required\" aria-required=\"true\" aria-invalid=\"false\" placeholder=\"Nombre y apellidos\" value=\"\" type=\"text\" name=\"nombre-apellidos\" \/><\/span>\n<\/p>\n<p><span class=\"wpcf7-form-control-wrap\" data-name=\"correo\"><input size=\"40\" maxlength=\"400\" class=\"wpcf7-form-control wpcf7-email wpcf7-validates-as-required wpcf7-text wpcf7-validates-as-email\" aria-required=\"true\" aria-invalid=\"false\" placeholder=\"Correo\" value=\"\" type=\"email\" name=\"correo\" \/><\/span>\n<\/p>\n<p><span class=\"wpcf7-form-control-wrap\" data-name=\"mensaje\"><textarea cols=\"40\" rows=\"10\" maxlength=\"2000\" class=\"wpcf7-form-control wpcf7-textarea\" aria-invalid=\"false\" placeholder=\"Su mensaje\" name=\"mensaje\"><\/textarea><\/span>\n<\/p>\n<p><span class=\"wpcf7-form-control-wrap\" data-name=\"privacy\"><span class=\"wpcf7-form-control wpcf7-acceptance\"><span class=\"wpcf7-list-item\"><label><input type=\"checkbox\" name=\"privacy\" value=\"1\" aria-invalid=\"false\" \/><span class=\"wpcf7-list-item-label\">Autorizo el tratamiento de mis datos personales.<\/span><\/label><\/span><\/span><\/span>\n<\/p>\n<div id=\"cf7sr-69e7ab48b96b0\" class=\"cf7sr-g-recaptcha\" data-theme=\"light\" data-type=\"image\" data-size=\"normal\" data-sitekey=\"6LfmylEnAAAAABI4fM-f0cc4-JDqvElkoTGhq3KL\"><\/div><span class=\"wpcf7-form-control-wrap cf7sr-recaptcha\" data-name=\"cf7sr-recaptcha\"><input type=\"hidden\" name=\"cf7sr-recaptcha\" value=\"\" class=\"wpcf7-form-control\"><\/span>\n<\/p>\n<p><input class=\"wpcf7-form-control wpcf7-submit has-spinner\" type=\"submit\" value=\"Enviar\" \/>\n<\/p><div class=\"wpcf7-response-output\" aria-hidden=\"true\"><\/div>\n<\/form>\n<\/div>\n<\/div><\/div><\/div><\/div><\/div>[\/vc_column][\/vc_row]\n<\/div>","protected":false},"excerpt":{"rendered":"Hierro Home El hierro optimiza el proceso del biog\u00e1s reduciendo el H2S para prolongar la vida del motor y del aceite. Presentamos cuatro tipos de aditivos: HIDR\u00d3XIDO DE HIERRO SPEEDYFAST IRON\u00d3XIDO DE HIERROCLORURO F\u00c9RRICO Solicitud de informaci\u00f3n Autorizo el tratamiento de mis datos personales.","protected":false},"author":3,"featured_media":0,"parent":1092,"menu_order":0,"comment_status":"closed","ping_status":"closed","template":"","meta":{"inline_featured_image":false,"footnotes":""},"class_list":["post-1114","page","type-page","status-publish","hentry","entry","no-media"],"yoast_head":"<!-- This site is optimized with the Yoast SEO plugin v27.4 - https:\/\/yoast.com\/product\/yoast-seo-wordpress\/ -->\n<title>Hierro - Ener Agri France<\/title>\n<meta name=\"robots\" content=\"index, follow, max-snippet:-1, max-image-preview:large, max-video-preview:-1\" \/>\n<link rel=\"canonical\" href=\"https:\/\/eneragrifrance.com\/es\/productos-para-biogas\/hierro\/\" \/>\n<meta property=\"og:locale\" content=\"es_ES\" \/>\n<meta property=\"og:type\" content=\"article\" \/>\n<meta property=\"og:title\" content=\"Hierro - Ener Agri France\" \/>\n<meta property=\"og:url\" content=\"https:\/\/eneragrifrance.com\/es\/productos-para-biogas\/hierro\/\" \/>\n<meta property=\"og:site_name\" content=\"Ener Agri France\" \/>\n<meta property=\"article:modified_time\" content=\"2025-09-30T06:29:08+00:00\" \/>\n<meta name=\"twitter:card\" content=\"summary_large_image\" \/>\n<meta name=\"twitter:label1\" content=\"Tiempo de lectura\" \/>\n\t<meta name=\"twitter:data1\" content=\"2 minutos\" \/>\n<script type=\"application\/ld+json\" class=\"yoast-schema-graph\">{\"@context\":\"https:\\\/\\\/schema.org\",\"@graph\":[{\"@type\":\"WebPage\",\"@id\":\"https:\\\/\\\/eneragrifrance.com\\\/es\\\/productos-para-biogas\\\/hierro\\\/\",\"url\":\"https:\\\/\\\/eneragrifrance.com\\\/es\\\/productos-para-biogas\\\/hierro\\\/\",\"name\":\"Hierro - Ener Agri France\",\"isPartOf\":{\"@id\":\"https:\\\/\\\/eneragrifrance.com\\\/es\\\/#website\"},\"primaryImageOfPage\":{\"@id\":\"https:\\\/\\\/eneragrifrance.com\\\/es\\\/productos-para-biogas\\\/hierro\\\/#primaryimage\"},\"image\":{\"@id\":\"https:\\\/\\\/eneragrifrance.com\\\/es\\\/productos-para-biogas\\\/hierro\\\/#primaryimage\"},\"thumbnailUrl\":\"https:\\\/\\\/eneragrifrance.com\\\/wp-content\\\/uploads\\\/2022\\\/08\\\/fer-iconabianca.svg\",\"datePublished\":\"2022-08-24T08:16:58+00:00\",\"dateModified\":\"2025-09-30T06:29:08+00:00\",\"breadcrumb\":{\"@id\":\"https:\\\/\\\/eneragrifrance.com\\\/es\\\/productos-para-biogas\\\/hierro\\\/#breadcrumb\"},\"inLanguage\":\"es\",\"potentialAction\":[{\"@type\":\"ReadAction\",\"target\":[\"https:\\\/\\\/eneragrifrance.com\\\/es\\\/productos-para-biogas\\\/hierro\\\/\"]}]},{\"@type\":\"ImageObject\",\"inLanguage\":\"es\",\"@id\":\"https:\\\/\\\/eneragrifrance.com\\\/es\\\/productos-para-biogas\\\/hierro\\\/#primaryimage\",\"url\":\"https:\\\/\\\/eneragrifrance.com\\\/wp-content\\\/uploads\\\/2022\\\/08\\\/fer-iconabianca.svg\",\"contentUrl\":\"https:\\\/\\\/eneragrifrance.com\\\/wp-content\\\/uploads\\\/2022\\\/08\\\/fer-iconabianca.svg\"},{\"@type\":\"BreadcrumbList\",\"@id\":\"https:\\\/\\\/eneragrifrance.com\\\/es\\\/productos-para-biogas\\\/hierro\\\/#breadcrumb\",\"itemListElement\":[{\"@type\":\"ListItem\",\"position\":1,\"name\":\"Home\",\"item\":\"https:\\\/\\\/eneragrifrance.com\\\/es\\\/\"},{\"@type\":\"ListItem\",\"position\":2,\"name\":\"Productos para biog\u00e1s\",\"item\":\"https:\\\/\\\/eneragrifrance.com\\\/es\\\/productos-para-biogas\\\/\"},{\"@type\":\"ListItem\",\"position\":3,\"name\":\"Hierro\"}]},{\"@type\":\"WebSite\",\"@id\":\"https:\\\/\\\/eneragrifrance.com\\\/es\\\/#website\",\"url\":\"https:\\\/\\\/eneragrifrance.com\\\/es\\\/\",\"name\":\"Ener Agri France\",\"description\":\"\",\"publisher\":{\"@id\":\"https:\\\/\\\/eneragrifrance.com\\\/es\\\/#organization\"},\"potentialAction\":[{\"@type\":\"SearchAction\",\"target\":{\"@type\":\"EntryPoint\",\"urlTemplate\":\"https:\\\/\\\/eneragrifrance.com\\\/es\\\/?s={search_term_string}\"},\"query-input\":{\"@type\":\"PropertyValueSpecification\",\"valueRequired\":true,\"valueName\":\"search_term_string\"}}],\"inLanguage\":\"es\"},{\"@type\":\"Organization\",\"@id\":\"https:\\\/\\\/eneragrifrance.com\\\/es\\\/#organization\",\"name\":\"Ener Agri France\",\"url\":\"https:\\\/\\\/eneragrifrance.com\\\/es\\\/\",\"logo\":{\"@type\":\"ImageObject\",\"inLanguage\":\"es\",\"@id\":\"https:\\\/\\\/eneragrifrance.com\\\/es\\\/#\\\/schema\\\/logo\\\/image\\\/\",\"url\":\"https:\\\/\\\/eneragrifrance.com\\\/wp-content\\\/uploads\\\/2022\\\/08\\\/logo.png\",\"contentUrl\":\"https:\\\/\\\/eneragrifrance.com\\\/wp-content\\\/uploads\\\/2022\\\/08\\\/logo.png\",\"width\":360,\"height\":71,\"caption\":\"Ener Agri France\"},\"image\":{\"@id\":\"https:\\\/\\\/eneragrifrance.com\\\/es\\\/#\\\/schema\\\/logo\\\/image\\\/\"}}]}<\/script>\n<!-- \/ Yoast SEO plugin. -->","yoast_head_json":{"title":"Hierro - Ener Agri France","robots":{"index":"index","follow":"follow","max-snippet":"max-snippet:-1","max-image-preview":"max-image-preview:large","max-video-preview":"max-video-preview:-1"},"canonical":"https:\/\/eneragrifrance.com\/es\/productos-para-biogas\/hierro\/","og_locale":"es_ES","og_type":"article","og_title":"Hierro - Ener Agri France","og_url":"https:\/\/eneragrifrance.com\/es\/productos-para-biogas\/hierro\/","og_site_name":"Ener Agri France","article_modified_time":"2025-09-30T06:29:08+00:00","twitter_card":"summary_large_image","twitter_misc":{"Tiempo de lectura":"2 minutos"},"schema":{"@context":"https:\/\/schema.org","@graph":[{"@type":"WebPage","@id":"https:\/\/eneragrifrance.com\/es\/productos-para-biogas\/hierro\/","url":"https:\/\/eneragrifrance.com\/es\/productos-para-biogas\/hierro\/","name":"Hierro - Ener Agri France","isPartOf":{"@id":"https:\/\/eneragrifrance.com\/es\/#website"},"primaryImageOfPage":{"@id":"https:\/\/eneragrifrance.com\/es\/productos-para-biogas\/hierro\/#primaryimage"},"image":{"@id":"https:\/\/eneragrifrance.com\/es\/productos-para-biogas\/hierro\/#primaryimage"},"thumbnailUrl":"https:\/\/eneragrifrance.com\/wp-content\/uploads\/2022\/08\/fer-iconabianca.svg","datePublished":"2022-08-24T08:16:58+00:00","dateModified":"2025-09-30T06:29:08+00:00","breadcrumb":{"@id":"https:\/\/eneragrifrance.com\/es\/productos-para-biogas\/hierro\/#breadcrumb"},"inLanguage":"es","potentialAction":[{"@type":"ReadAction","target":["https:\/\/eneragrifrance.com\/es\/productos-para-biogas\/hierro\/"]}]},{"@type":"ImageObject","inLanguage":"es","@id":"https:\/\/eneragrifrance.com\/es\/productos-para-biogas\/hierro\/#primaryimage","url":"https:\/\/eneragrifrance.com\/wp-content\/uploads\/2022\/08\/fer-iconabianca.svg","contentUrl":"https:\/\/eneragrifrance.com\/wp-content\/uploads\/2022\/08\/fer-iconabianca.svg"},{"@type":"BreadcrumbList","@id":"https:\/\/eneragrifrance.com\/es\/productos-para-biogas\/hierro\/#breadcrumb","itemListElement":[{"@type":"ListItem","position":1,"name":"Home","item":"https:\/\/eneragrifrance.com\/es\/"},{"@type":"ListItem","position":2,"name":"Productos para biog\u00e1s","item":"https:\/\/eneragrifrance.com\/es\/productos-para-biogas\/"},{"@type":"ListItem","position":3,"name":"Hierro"}]},{"@type":"WebSite","@id":"https:\/\/eneragrifrance.com\/es\/#website","url":"https:\/\/eneragrifrance.com\/es\/","name":"Ener Agri France","description":"","publisher":{"@id":"https:\/\/eneragrifrance.com\/es\/#organization"},"potentialAction":[{"@type":"SearchAction","target":{"@type":"EntryPoint","urlTemplate":"https:\/\/eneragrifrance.com\/es\/?s={search_term_string}"},"query-input":{"@type":"PropertyValueSpecification","valueRequired":true,"valueName":"search_term_string"}}],"inLanguage":"es"},{"@type":"Organization","@id":"https:\/\/eneragrifrance.com\/es\/#organization","name":"Ener Agri France","url":"https:\/\/eneragrifrance.com\/es\/","logo":{"@type":"ImageObject","inLanguage":"es","@id":"https:\/\/eneragrifrance.com\/es\/#\/schema\/logo\/image\/","url":"https:\/\/eneragrifrance.com\/wp-content\/uploads\/2022\/08\/logo.png","contentUrl":"https:\/\/eneragrifrance.com\/wp-content\/uploads\/2022\/08\/logo.png","width":360,"height":71,"caption":"Ener Agri France"},"image":{"@id":"https:\/\/eneragrifrance.com\/es\/#\/schema\/logo\/image\/"}}]}},"_links":{"self":[{"href":"https:\/\/eneragrifrance.com\/es\/wp-json\/wp\/v2\/pages\/1114","targetHints":{"allow":["GET"]}}],"collection":[{"href":"https:\/\/eneragrifrance.com\/es\/wp-json\/wp\/v2\/pages"}],"about":[{"href":"https:\/\/eneragrifrance.com\/es\/wp-json\/wp\/v2\/types\/page"}],"author":[{"embeddable":true,"href":"https:\/\/eneragrifrance.com\/es\/wp-json\/wp\/v2\/users\/3"}],"replies":[{"embeddable":true,"href":"https:\/\/eneragrifrance.com\/es\/wp-json\/wp\/v2\/comments?post=1114"}],"version-history":[{"count":4,"href":"https:\/\/eneragrifrance.com\/es\/wp-json\/wp\/v2\/pages\/1114\/revisions"}],"predecessor-version":[{"id":1315,"href":"https:\/\/eneragrifrance.com\/es\/wp-json\/wp\/v2\/pages\/1114\/revisions\/1315"}],"up":[{"embeddable":true,"href":"https:\/\/eneragrifrance.com\/es\/wp-json\/wp\/v2\/pages\/1092"}],"wp:attachment":[{"href":"https:\/\/eneragrifrance.com\/es\/wp-json\/wp\/v2\/media?parent=1114"}],"curies":[{"name":"wp","href":"https:\/\/api.w.org\/{rel}","templated":true}]}}